{"id":2338,"date":"2025-12-22T11:17:39","date_gmt":"2025-12-22T11:17:39","guid":{"rendered":"https:\/\/mobility-expert.be\/?post_type=product&#038;p=2338"},"modified":"2025-12-22T11:18:43","modified_gmt":"2025-12-22T11:18:43","slug":"for-motion-on-four-t-copy","status":"publish","type":"product","link":"https:\/\/mobility-expert.be\/fr\/produit\/for-motion-on-four-t-copy","title":{"rendered":"For motion: On Four T (Copy)"},"content":{"rendered":"<h3 class=\"\" data-start=\"199\" data-end=\"298\"><strong data-start=\"203\" data-end=\"298\">For Motion On Four \u2013 Le scooter \u00e0 4 roues le plus polyvalent, maintenant chez Mobility-Expert Belgique<\/strong><\/h3>\n<p class=\"\" data-start=\"300\" data-end=\"694\">Vous recherchez un scooter \u00e9lectrique qui allie <strong data-start=\"340\" data-end=\"381\">confort, performances et adaptabilit\u00e9 <\/strong>?<br \/>Le <strong data-start=\"397\" data-end=\"419\">For Motion On Four<\/strong> est le mod\u00e8le phare dans la cat\u00e9gorie des scooters \u00e0 4 roues.<br \/>Ce v\u00e9hicule moderne et puissant offre une maniabilit\u00e9 exceptionnelle, une autonomie impressionnante pouvant atteindre <strong data-start=\"571\" data-end=\"588\">300 kilom\u00e8tres<\/strong>, et un haut niveau de personnalisation \u2013 id\u00e9al aussi bien pour une utilisation quotidienne que pour de longues excursions.  <\/p>\n<p class=\"\" data-start=\"696\" data-end=\"930\">Que vous recherchiez un scooter robuste et s\u00fbr, un v\u00e9hicule pour retrouver votre libert\u00e9 ou une solution de mobilit\u00e9 adapt\u00e9e \u00e0 votre handicap, <strong data-start=\"853\" data-end=\"872\">Mobility-Expert<\/strong> propose d\u00e9sormais ce mod\u00e8le d\u2019exception en exclusivit\u00e9 sur le march\u00e9 belge.<\/p>\n<hr class=\"\" data-start=\"932\" data-end=\"935\">\n<h3 class=\"\" data-start=\"937\" data-end=\"988\"><strong data-start=\"941\" data-end=\"988\">Le meilleur test\u00e9 &#8211; le scooter de mobilit\u00e9 qui peut tout faire<\/strong><\/h3>\n<p class=\"\" data-start=\"990\" data-end=\"1356\">Le For Motion On Four a \u00e9t\u00e9 \u00e9lu l\u2019un des meilleurs scooters test\u00e9s en 2025.<br \/>Il combine <strong data-start=\"1096\" data-end=\"1129\">la maniabilit\u00e9 d\u2019un mod\u00e8le \u00e0 trois roues<\/strong> avec la <strong data-start=\"1137\" data-end=\"1169\">stabilit\u00e9 d\u2019un quatre-roues<\/strong> \u2013 sans aucun compromis sur le confort ou la vitesse.<br \/>Gr\u00e2ce \u00e0 sa conception ing\u00e9nieuse, ce scooter se sent aussi \u00e0 l\u2019aise en ville que sur les routes de campagne ou lors de longues excursions.  <\/p>\n<hr class=\"\" data-start=\"1358\" data-end=\"1361\">\n<h3 class=\"\" data-start=\"1363\" data-end=\"1397\"><strong data-start=\"1367\" data-end=\"1397\">Design moderne avec du caract\u00e8re<\/strong><\/h3>\n<p class=\"\" data-start=\"1399\" data-end=\"1683\">Avec son l<strong data-start=\"1408\" data-end=\"1431\">ook \u00e9pur\u00e9<\/strong> et ses accents r\u00e9tro, le For Motion rappelle le design embl\u00e9matique de la Vespa. Le phare avant \u00e0 <strong data-start=\"1525\" data-end=\"1562\">LED int\u00e9gr\u00e9 avec \u00e9clairage diurne<\/strong>, les lignes \u00e9l\u00e9gantes et la finition soign\u00e9e font de ce scooter un v\u00e9ritable accroche-regard \u2013 \u00e0 la fois fonctionnel et \u00e9l\u00e9gant. <\/p>\n<hr class=\"\" data-start=\"1685\" data-end=\"1688\">\n<h3 class=\"\" data-start=\"1690\" data-end=\"1741\"><strong data-start=\"1694\" data-end=\"1741\">Cercle de braquage compact et stabilit\u00e9 maximale<\/strong><\/h3>\n<p class=\"\" data-start=\"1743\" data-end=\"2007\">Ce mod\u00e8le se distingue par son <strong data-start=\"1769\" data-end=\"1805\">rayon de braquage exceptionnellement r\u00e9duit<\/strong>, qui permet de man\u0153uvrer sans effort m\u00eame dans les couloirs \u00e9troits, les centres-villes anim\u00e9s ou les march\u00e9s. En m\u00eame temps, sa base solide \u00e0 quatre roues assure une <strong data-start=\"1955\" data-end=\"1980\">tenue de route sup\u00e9rieure,<\/strong> m\u00eame sur des terrains irr\u00e9guliers. <\/p>\n<hr class=\"\" data-start=\"2009\" data-end=\"2012\">\n<h3 class=\"\" data-start=\"2014\" data-end=\"2058\"><strong data-start=\"2018\" data-end=\"2058\">Ergonomie et confort d&rsquo;assise de haut niveau<\/strong><\/h3>\n<p class=\"\" data-start=\"2060\" data-end=\"2481\">Le For Motion On Four est \u00e9quip\u00e9 d\u2019un <strong data-start=\"2103\" data-end=\"2146\">si\u00e8ge ergonomique enti\u00e8rement r\u00e9glable<\/strong> avec fonction de rotation en option. L\u2019assise, le dossier et les accoudoirs sont ajustables individuellement, permettant aussi bien aux<strong data-start=\"2247\" data-end=\"2284\"> petits qu\u2019aux grands utilisateurs<\/strong> de trouver la position de conduite id\u00e9ale. Avec des options telles qu\u2019un <strong data-start=\"2342\" data-end=\"2373\">si\u00e8ge confort chauffant<\/strong>, le confort est garanti m\u00eame pendant les journ\u00e9es froides \u2013 id\u00e9al pour les personnes souffrant de douleurs musculaires ou articulaires.  <\/p>\n<hr class=\"\" data-start=\"2483\" data-end=\"2486\">\n<h3 class=\"\" data-start=\"2488\" data-end=\"2523\"><strong data-start=\"2492\" data-end=\"2523\">Vitesse &amp; autonomie selon vos besoins<\/strong><\/h3>\n<p class=\"\" data-start=\"2525\" data-end=\"2759\">Gr\u00e2ce aux diff\u00e9rentes options de <strong data-start=\"2547\" data-end=\"2587\">vitesse maximale, de 8 \u00e0 32 km\/h<\/strong>, vous d\u00e9terminez vous-m\u00eame votre rythme de conduite. En combinant cela avec un choix de batteries offrant <strong data-start=\"2654\" data-end=\"2687\">une autonomie de 40 \u00e0 300 km<\/strong>, vous obtenez un scooter que vous pouvez parfaitement adapter \u00e0 vos trajets personnels. <\/p>\n<p class=\"\" data-start=\"2761\" data-end=\"3064\">De s\u00e9rie, le For Motion On Four est \u00e9quip\u00e9 d\u2019une<strong data-start=\"2818\" data-end=\"2830\"> batterie gel<\/strong> fiable, mais ceux qui souhaitent parcourir de plus longues distances ou b\u00e9n\u00e9ficier d\u2019une dur\u00e9e de vie accrue opteront de pr\u00e9f\u00e9rence pour une mise \u00e0 <strong data-start=\"2926\" data-end=\"2945\">niveau au lithium<\/strong>. La recharge se fait simplement sur une prise standard \u2013 ou choisissez la <strong data-start=\"3014\" data-end=\"3034\">batterie amovible<\/strong> que vous pouvez emporter \u00e0 l\u2019int\u00e9rieur. <\/p>\n<hr class=\"\" data-start=\"3066\" data-end=\"3069\">\n<h3 class=\"\" data-start=\"3071\" data-end=\"3118\"><strong data-start=\"3075\" data-end=\"3118\">Moteur puissant et silencieux avec assistance en c\u00f4te<\/strong><\/h3>\n<p class=\"\" data-start=\"3120\" data-end=\"3395\">Le <strong data-start=\"3123\" data-end=\"3138\">moteur de 1000 W<\/strong> est silencieux et sans entretien. Il franchit sans effort des pentes allant jusqu\u2019\u00e0 <strong data-start=\"3213\" data-end=\"3220\">12 %<\/strong>, et gr\u00e2ce \u00e0 <strong data-start=\"3236\" data-end=\"3251\">l\u2019assistance en c\u00f4te,<\/strong> votre scooter ne recule jamais involontairement. S\u00e9curit\u00e9 et facilit\u00e9 d\u2019utilisation garanties \u2013 m\u00eame sur les rampes inclin\u00e9es ou dans les parkings souterrains.  <\/p>\n<hr class=\"\" data-start=\"3397\" data-end=\"3400\">\n<h3 class=\"\" data-start=\"3402\" data-end=\"3444\"><strong data-start=\"3406\" data-end=\"3444\">La s\u00e9curit\u00e9 et la facilit\u00e9 d&rsquo;utilisation avant tout<\/strong><\/h3>\n<p class=\"\" data-start=\"3446\" data-end=\"3781\">\u00c9quip\u00e9 <strong data-start=\"3459\" data-end=\"3483\">de freins \u00e0 disque \u00e0 l\u2019avant, de freins \u00e0 tambour \u00e0 l\u2019arri\u00e8re, de leviers de frein allong\u00e9s et d\u2019un frein de stationnement<\/strong>, ce scooter offre un niveau de contr\u00f4le et de s\u00e9curit\u00e9 in\u00e9gal\u00e9. Gr\u00e2ce au <strong data-start=\"3640\" data-end=\"3671\">syst\u00e8me antivol <\/strong>comprenant un verrou de direction, un contacteur \u00e0 cl\u00e9 et une alarme, votre scooter reste en s\u00e9curit\u00e9 m\u00eame lorsqu\u2019il est stationn\u00e9 \u00e0 l\u2019ext\u00e9rieur. <\/p>\n<hr class=\"\" data-start=\"3783\" data-end=\"3786\">\n<h3 class=\"\" data-start=\"3788\" data-end=\"3829\"><strong data-start=\"3792\" data-end=\"3829\">\u00c9quipement complet &amp; extras intelligents<\/strong><\/h3>\n<ul data-start=\"3831\" data-end=\"4084\">\n<li class=\"\" data-start=\"3831\" data-end=\"3868\">\n<p class=\"\" data-start=\"3833\" data-end=\"3868\">Grand <strong data-start=\"3839\" data-end=\"3859\">coffre de 31L<\/strong> avec serrure<\/p>\n<\/li>\n<li class=\"\" data-start=\"3869\" data-end=\"3904\">\n<p class=\"\" data-start=\"3871\" data-end=\"3904\">Points de charge USB A &amp; C (\u00e9clair\u00e9s)<\/p>\n<\/li>\n<li class=\"\" data-start=\"3905\" data-end=\"3933\">\n<p class=\"\" data-start=\"3907\" data-end=\"3933\">Antivol et alarme<\/p>\n<\/li>\n<li class=\"\" data-start=\"3934\" data-end=\"3981\">\n<p class=\"\" data-start=\"3936\" data-end=\"3981\">Pare-brise, porte-canne ou support d\u00e9ambulateur en option<\/p>\n<\/li>\n<li class=\"\" data-start=\"3982\" data-end=\"4002\">\n<p class=\"\" data-start=\"3984\" data-end=\"4002\">Panier \u00e0 bagages avant<\/p>\n<\/li>\n<li class=\"\" data-start=\"4003\" data-end=\"4084\">\n<p class=\"\" data-start=\"4005\" data-end=\"4084\">Commandes enti\u00e8rement personnalisables (acc\u00e9l\u00e9rateur au pied, au pouce, inversion freins gauche\/droit)<\/p>\n<\/li>\n<\/ul>\n<p class=\"\" data-start=\"4086\" data-end=\"4181\">Chez Mobility-Expert, nous examinons avec vous les adaptations ou options dont vous avez besoin.<\/p>\n<hr class=\"\" data-start=\"4183\" data-end=\"4186\">\n<h3 class=\"\" data-start=\"4188\" data-end=\"4230\"><strong data-start=\"4192\" data-end=\"4230\">Enti\u00e8rement adaptable \u00e0 vos besoins<\/strong><\/h3>\n<p class=\"\" data-start=\"4232\" data-end=\"4353\">Avez-vous un <strong data-start=\"4243\" data-end=\"4269\">handicap physique<\/strong> ou des besoins sp\u00e9cifiques en mati\u00e8re de commandes ? Le For Motion On Four peut \u00eatre \u00e9quip\u00e9 de : <\/p>\n<ul data-start=\"4355\" data-end=\"4534\">\n<li class=\"\" data-start=\"4355\" data-end=\"4383\">\n<p class=\"\" data-start=\"4357\" data-end=\"4383\"><strong data-start=\"4357\" data-end=\"4383\">Acc\u00e9l\u00e9rateur au pied au lieu de la main<\/strong><\/p>\n<\/li>\n<li class=\"\" data-start=\"4384\" data-end=\"4439\">\n<p class=\"\" data-start=\"4386\" data-end=\"4439\"><strong data-start=\"4386\" data-end=\"4397\">Acc\u00e9l\u00e9rateur au pouce<\/strong> pour ceux qui ont moins de force dans les poignets<\/p>\n<\/li>\n<li class=\"\" data-start=\"4440\" data-end=\"4483\">\n<p class=\"\" data-start=\"4442\" data-end=\"4483\"><strong data-start=\"4442\" data-end=\"4483\">Freins au pied ou leviers de frein interchangeables<\/strong><\/p>\n<\/li>\n<li class=\"\" data-start=\"4484\" data-end=\"4534\">\n<p class=\"\" data-start=\"4486\" data-end=\"4534\"><strong data-start=\"4486\" data-end=\"4534\">Si\u00e8ge pivotant pour monter et descendre plus facilement<\/strong><\/p>\n<\/li>\n<\/ul>\n<p class=\"\" data-start=\"4536\" data-end=\"4640\">Ensemble, nous veillons \u00e0 ce que votre scooter de mobilit\u00e9 soit <strong data-start=\"4578\" data-end=\"4639\">parfaitement adapt\u00e9 \u00e0 votre corps et \u00e0 vos besoins de confort<\/strong>.<\/p>\n<hr class=\"\" data-start=\"4642\" data-end=\"4645\">\n<h3 class=\"\" data-start=\"4647\" data-end=\"4685\"><strong data-start=\"4651\" data-end=\"4685\">Maintenant disponible en leasing<\/strong><\/h3>\n<p class=\"\" data-start=\"4687\" data-end=\"4970\">Chez Mobility-Expert, vous n\u2019avez pas besoin de payer le montant total d\u2019un seul coup. Gr\u00e2ce \u00e0 nos <strong data-start=\"4780\" data-end=\"4810\">formules de location avantageuses<\/strong>, vous pouvez \u00e9taler les co\u00fbts en paiements mensuels, avec ou sans entretien inclus. Ainsi, m\u00eame un mod\u00e8le \u00e0 plus grande autonomie ou avec des options suppl\u00e9mentaires devient parfaitement accessible.  <\/p>\n<hr class=\"\" data-start=\"4972\" data-end=\"4975\">\n<p class=\"\" data-start=\"4977\" data-end=\"5152\"><strong data-start=\"4977\" data-end=\"5025\">\u2192 Vous souhaitez essayer le For Motion On Four ?<\/strong><br data-start=\"5025\" data-end=\"5028\">Planifiez une d\u00e9monstration GRATUITE \u00e0 domicile &#8211; nous venons chez vous, o\u00f9 que vous soyez en Belgique.<\/p>\n<p class=\"\" data-start=\"5154\" data-end=\"5272\">\ud83d\udccd <em data-start=\"5157\" data-end=\"5217\">Mobility-Expert \u2013 La r\u00e9f\u00e9rence en scooters \u00e9lectriques en Belgique<\/em><br data-start=\"5217\" data-end=\"5220\">\ud83d\udef5 <em data-start=\"5223\" data-end=\"5272\">Plus que de la mobilit\u00e9 \u2013 votre libert\u00e9, notre priorit\u00e9.<\/em><\/p>\n","protected":false},"excerpt":{"rendered":"<p>For Motion On Four \u2013 Le scooter \u00e0 4 roues le plus polyvalent, maintenant chez Mobility-Expert Belgique Vous recherchez un scooter \u00e9lectrique qui allie confort, performances et adaptabilit\u00e9 ?Le For Motion On Four est le mod\u00e8le phare dans la cat\u00e9gorie des scooters \u00e0 4 roues.Ce v\u00e9hicule moderne et puissant offre une maniabilit\u00e9 exceptionnelle, une autonomie [&#8230;]\n","protected":false},"featured_media":1979,"comment_status":"open","ping_status":"closed","template":"","meta":{"om_disable_all_campaigns":false},"product_brand":[],"product_cat":[56,54,55,53],"product_tag":[],"class_list":{"0":"post-2338","1":"product","2":"type-product","3":"status-publish","4":"has-post-thumbnail","6":"product_cat-meilleures-ventes","7":"product_cat-scooters-de-mobilite","8":"product_cat-scooters-de-mobilite-a-4-roues","9":"product_cat-tous-les-produits","11":"first","12":"instock","13":"sale","14":"taxable","15":"shipping-taxable","16":"purchasable","17":"product-type-simple"},"yoast_head":"<!-- This site is optimized with the Yoast SEO plugin v27.3 - https:\/\/yoast.com\/product\/yoast-seo-wordpress\/ -->\n<title>For Motion On Four T | Scooter \u00e9lectrique 25 km\/h Belgique &amp; Pays-Bas<\/title>\n<meta name=\"description\" content=\"D\u00e9couvrez le For Motion On Four T : scooter \u00e9lectrique \u00e0 4 roues jusqu\u2019\u00e0 25 km\/h, avec une autonomie de 300 km, assistance en c\u00f4te et confort haut de gamme. Disponible d\u00e8s maintenant chez Mobility-Expert.\" \/>\n<meta name=\"robots\" content=\"index, follow, max-snippet:-1, max-image-preview:large, max-video-preview:-1\" \/>\n<link rel=\"canonical\" href=\"https:\/\/mobility-expert.be\/fr\/produit\/for-motion-on-four-t-copy\" \/>\n<meta property=\"og:locale\" content=\"fr_FR\" \/>\n<meta property=\"og:type\" content=\"article\" \/>\n<meta property=\"og:title\" content=\"For Motion On Four T | Scooter \u00e9lectrique 25 km\/h Belgique &amp; Pays-Bas\" \/>\n<meta property=\"og:description\" content=\"D\u00e9couvrez le For Motion On Four T : scooter \u00e9lectrique \u00e0 4 roues jusqu\u2019\u00e0 25 km\/h, avec une autonomie de 300 km, assistance en c\u00f4te et confort haut de gamme. Disponible d\u00e8s maintenant chez Mobility-Expert.\" \/>\n<meta property=\"og:url\" content=\"https:\/\/mobility-expert.be\/fr\/produit\/for-motion-on-four-t-copy\" \/>\n<meta property=\"og:site_name\" content=\"Mobility Expert\" \/>\n<meta property=\"article:publisher\" content=\"https:\/\/www.facebook.com\/profile.php?id=61562203027433\" \/>\n<meta property=\"article:modified_time\" content=\"2025-12-22T11:18:43+00:00\" \/>\n<meta property=\"og:image\" content=\"https:\/\/mobility-expert.be\/wp-content\/uploads\/2025\/03\/B0031207-scaled.jpg\" \/>\n\t<meta property=\"og:image:width\" content=\"2560\" \/>\n\t<meta property=\"og:image:height\" content=\"1919\" \/>\n\t<meta property=\"og:image:type\" content=\"image\/jpeg\" \/>\n<meta name=\"twitter:card\" content=\"summary_large_image\" \/>\n<meta name=\"twitter:label1\" content=\"Dur\u00e9e de lecture estim\u00e9e\" \/>\n\t<meta name=\"twitter:data1\" content=\"5 minutes\" \/>\n<script type=\"application\/ld+json\" class=\"yoast-schema-graph\">{\"@context\":\"https:\\\/\\\/schema.org\",\"@graph\":[{\"@type\":\"WebPage\",\"@id\":\"https:\\\/\\\/mobility-expert.be\\\/fr\\\/produit\\\/for-motion-on-four-t-copy\",\"url\":\"https:\\\/\\\/mobility-expert.be\\\/fr\\\/produit\\\/for-motion-on-four-t-copy\",\"name\":\"For Motion On Four T | Scooter \u00e9lectrique 25 km\\\/h Belgique & Pays-Bas\",\"isPartOf\":{\"@id\":\"https:\\\/\\\/mobility-expert.be\\\/fr#website\"},\"primaryImageOfPage\":{\"@id\":\"https:\\\/\\\/mobility-expert.be\\\/fr\\\/produit\\\/for-motion-on-four-t-copy#primaryimage\"},\"image\":{\"@id\":\"https:\\\/\\\/mobility-expert.be\\\/fr\\\/produit\\\/for-motion-on-four-t-copy#primaryimage\"},\"thumbnailUrl\":\"https:\\\/\\\/mobility-expert.be\\\/wp-content\\\/uploads\\\/2025\\\/03\\\/B0031207-scaled.jpg\",\"datePublished\":\"2025-12-22T11:17:39+00:00\",\"dateModified\":\"2025-12-22T11:18:43+00:00\",\"description\":\"D\u00e9couvrez le For Motion On Four T : scooter \u00e9lectrique \u00e0 4 roues jusqu\u2019\u00e0 25 km\\\/h, avec une autonomie de 300 km, assistance en c\u00f4te et confort haut de gamme. Disponible d\u00e8s maintenant chez Mobility-Expert.\",\"breadcrumb\":{\"@id\":\"https:\\\/\\\/mobility-expert.be\\\/fr\\\/produit\\\/for-motion-on-four-t-copy#breadcrumb\"},\"inLanguage\":\"fr-FR\",\"potentialAction\":[{\"@type\":\"ReadAction\",\"target\":[\"https:\\\/\\\/mobility-expert.be\\\/fr\\\/produit\\\/for-motion-on-four-t-copy\"]}]},{\"@type\":\"ImageObject\",\"inLanguage\":\"fr-FR\",\"@id\":\"https:\\\/\\\/mobility-expert.be\\\/fr\\\/produit\\\/for-motion-on-four-t-copy#primaryimage\",\"url\":\"https:\\\/\\\/mobility-expert.be\\\/wp-content\\\/uploads\\\/2025\\\/03\\\/B0031207-scaled.jpg\",\"contentUrl\":\"https:\\\/\\\/mobility-expert.be\\\/wp-content\\\/uploads\\\/2025\\\/03\\\/B0031207-scaled.jpg\",\"width\":2560,\"height\":1919},{\"@type\":\"BreadcrumbList\",\"@id\":\"https:\\\/\\\/mobility-expert.be\\\/fr\\\/produit\\\/for-motion-on-four-t-copy#breadcrumb\",\"itemListElement\":[{\"@type\":\"ListItem\",\"position\":1,\"name\":\"Home\",\"item\":\"https:\\\/\\\/mobility-expert.be\\\/fr\"},{\"@type\":\"ListItem\",\"position\":2,\"name\":\"Boutique\",\"item\":\"https:\\\/\\\/mobility-expert.be\\\/fr\\\/boutique\"},{\"@type\":\"ListItem\",\"position\":3,\"name\":\"For motion: On Four T (Copy)\"}]},{\"@type\":\"WebSite\",\"@id\":\"https:\\\/\\\/mobility-expert.be\\\/fr#website\",\"url\":\"https:\\\/\\\/mobility-expert.be\\\/fr\",\"name\":\"Mobility-Expert.be\",\"description\":\"Uw Mobiliteit, Onze Expertise!\",\"publisher\":{\"@id\":\"https:\\\/\\\/mobility-expert.be\\\/fr#organization\"},\"alternateName\":\"Mobility Expert\",\"potentialAction\":[{\"@type\":\"SearchAction\",\"target\":{\"@type\":\"EntryPoint\",\"urlTemplate\":\"https:\\\/\\\/mobility-expert.be\\\/fr?s={search_term_string}\"},\"query-input\":{\"@type\":\"PropertyValueSpecification\",\"valueRequired\":true,\"valueName\":\"search_term_string\"}}],\"inLanguage\":\"fr-FR\"},{\"@type\":\"Organization\",\"@id\":\"https:\\\/\\\/mobility-expert.be\\\/fr#organization\",\"name\":\"Mobility Expert\",\"url\":\"https:\\\/\\\/mobility-expert.be\\\/fr\",\"logo\":{\"@type\":\"ImageObject\",\"inLanguage\":\"fr-FR\",\"@id\":\"https:\\\/\\\/mobility-expert.be\\\/fr#\\\/schema\\\/logo\\\/image\\\/\",\"url\":\"https:\\\/\\\/mobility-expert.be\\\/wp-content\\\/uploads\\\/2025\\\/07\\\/MObilirty-5.png\",\"contentUrl\":\"https:\\\/\\\/mobility-expert.be\\\/wp-content\\\/uploads\\\/2025\\\/07\\\/MObilirty-5.png\",\"width\":500,\"height\":500,\"caption\":\"Mobility Expert\"},\"image\":{\"@id\":\"https:\\\/\\\/mobility-expert.be\\\/fr#\\\/schema\\\/logo\\\/image\\\/\"},\"sameAs\":[\"https:\\\/\\\/www.facebook.com\\\/profile.php?id=61562203027433\",\"https:\\\/\\\/www.instagram.com\\\/mobilityexpert\\\/\"]}]}<\/script>\n<!-- \/ Yoast SEO plugin. -->","yoast_head_json":{"title":"For Motion On Four T | Scooter \u00e9lectrique 25 km\/h Belgique & Pays-Bas","description":"D\u00e9couvrez le For Motion On Four T : scooter \u00e9lectrique \u00e0 4 roues jusqu\u2019\u00e0 25 km\/h, avec une autonomie de 300 km, assistance en c\u00f4te et confort haut de gamme. Disponible d\u00e8s maintenant chez Mobility-Expert.","robots":{"index":"index","follow":"follow","max-snippet":"max-snippet:-1","max-image-preview":"max-image-preview:large","max-video-preview":"max-video-preview:-1"},"canonical":"https:\/\/mobility-expert.be\/fr\/produit\/for-motion-on-four-t-copy","og_locale":"fr_FR","og_type":"article","og_title":"For Motion On Four T | Scooter \u00e9lectrique 25 km\/h Belgique & Pays-Bas","og_description":"D\u00e9couvrez le For Motion On Four T : scooter \u00e9lectrique \u00e0 4 roues jusqu\u2019\u00e0 25 km\/h, avec une autonomie de 300 km, assistance en c\u00f4te et confort haut de gamme. Disponible d\u00e8s maintenant chez Mobility-Expert.","og_url":"https:\/\/mobility-expert.be\/fr\/produit\/for-motion-on-four-t-copy","og_site_name":"Mobility Expert","article_publisher":"https:\/\/www.facebook.com\/profile.php?id=61562203027433","article_modified_time":"2025-12-22T11:18:43+00:00","og_image":[{"width":2560,"height":1919,"url":"https:\/\/mobility-expert.be\/wp-content\/uploads\/2025\/03\/B0031207-scaled.jpg","type":"image\/jpeg"}],"twitter_card":"summary_large_image","twitter_misc":{"Dur\u00e9e de lecture estim\u00e9e":"5 minutes"},"schema":{"@context":"https:\/\/schema.org","@graph":[{"@type":"WebPage","@id":"https:\/\/mobility-expert.be\/fr\/produit\/for-motion-on-four-t-copy","url":"https:\/\/mobility-expert.be\/fr\/produit\/for-motion-on-four-t-copy","name":"For Motion On Four T | Scooter \u00e9lectrique 25 km\/h Belgique & Pays-Bas","isPartOf":{"@id":"https:\/\/mobility-expert.be\/fr#website"},"primaryImageOfPage":{"@id":"https:\/\/mobility-expert.be\/fr\/produit\/for-motion-on-four-t-copy#primaryimage"},"image":{"@id":"https:\/\/mobility-expert.be\/fr\/produit\/for-motion-on-four-t-copy#primaryimage"},"thumbnailUrl":"https:\/\/mobility-expert.be\/wp-content\/uploads\/2025\/03\/B0031207-scaled.jpg","datePublished":"2025-12-22T11:17:39+00:00","dateModified":"2025-12-22T11:18:43+00:00","description":"D\u00e9couvrez le For Motion On Four T : scooter \u00e9lectrique \u00e0 4 roues jusqu\u2019\u00e0 25 km\/h, avec une autonomie de 300 km, assistance en c\u00f4te et confort haut de gamme. Disponible d\u00e8s maintenant chez Mobility-Expert.","breadcrumb":{"@id":"https:\/\/mobility-expert.be\/fr\/produit\/for-motion-on-four-t-copy#breadcrumb"},"inLanguage":"fr-FR","potentialAction":[{"@type":"ReadAction","target":["https:\/\/mobility-expert.be\/fr\/produit\/for-motion-on-four-t-copy"]}]},{"@type":"ImageObject","inLanguage":"fr-FR","@id":"https:\/\/mobility-expert.be\/fr\/produit\/for-motion-on-four-t-copy#primaryimage","url":"https:\/\/mobility-expert.be\/wp-content\/uploads\/2025\/03\/B0031207-scaled.jpg","contentUrl":"https:\/\/mobility-expert.be\/wp-content\/uploads\/2025\/03\/B0031207-scaled.jpg","width":2560,"height":1919},{"@type":"BreadcrumbList","@id":"https:\/\/mobility-expert.be\/fr\/produit\/for-motion-on-four-t-copy#breadcrumb","itemListElement":[{"@type":"ListItem","position":1,"name":"Home","item":"https:\/\/mobility-expert.be\/fr"},{"@type":"ListItem","position":2,"name":"Boutique","item":"https:\/\/mobility-expert.be\/fr\/boutique"},{"@type":"ListItem","position":3,"name":"For motion: On Four T (Copy)"}]},{"@type":"WebSite","@id":"https:\/\/mobility-expert.be\/fr#website","url":"https:\/\/mobility-expert.be\/fr","name":"Mobility-Expert.be","description":"Uw Mobiliteit, Onze Expertise!","publisher":{"@id":"https:\/\/mobility-expert.be\/fr#organization"},"alternateName":"Mobility Expert","potentialAction":[{"@type":"SearchAction","target":{"@type":"EntryPoint","urlTemplate":"https:\/\/mobility-expert.be\/fr?s={search_term_string}"},"query-input":{"@type":"PropertyValueSpecification","valueRequired":true,"valueName":"search_term_string"}}],"inLanguage":"fr-FR"},{"@type":"Organization","@id":"https:\/\/mobility-expert.be\/fr#organization","name":"Mobility Expert","url":"https:\/\/mobility-expert.be\/fr","logo":{"@type":"ImageObject","inLanguage":"fr-FR","@id":"https:\/\/mobility-expert.be\/fr#\/schema\/logo\/image\/","url":"https:\/\/mobility-expert.be\/wp-content\/uploads\/2025\/07\/MObilirty-5.png","contentUrl":"https:\/\/mobility-expert.be\/wp-content\/uploads\/2025\/07\/MObilirty-5.png","width":500,"height":500,"caption":"Mobility Expert"},"image":{"@id":"https:\/\/mobility-expert.be\/fr#\/schema\/logo\/image\/"},"sameAs":["https:\/\/www.facebook.com\/profile.php?id=61562203027433","https:\/\/www.instagram.com\/mobilityexpert\/"]}]}},"jetpack_sharing_enabled":true,"_links":{"self":[{"href":"https:\/\/mobility-expert.be\/fr\/wp-json\/wp\/v2\/product\/2338","targetHints":{"allow":["GET"]}}],"collection":[{"href":"https:\/\/mobility-expert.be\/fr\/wp-json\/wp\/v2\/product"}],"about":[{"href":"https:\/\/mobility-expert.be\/fr\/wp-json\/wp\/v2\/types\/product"}],"replies":[{"embeddable":true,"href":"https:\/\/mobility-expert.be\/fr\/wp-json\/wp\/v2\/comments?post=2338"}],"wp:featuredmedia":[{"embeddable":true,"href":"https:\/\/mobility-expert.be\/fr\/wp-json\/wp\/v2\/media\/1979"}],"wp:attachment":[{"href":"https:\/\/mobility-expert.be\/fr\/wp-json\/wp\/v2\/media?parent=2338"}],"wp:term":[{"taxonomy":"product_brand","embeddable":true,"href":"https:\/\/mobility-expert.be\/fr\/wp-json\/wp\/v2\/product_brand?post=2338"},{"taxonomy":"product_cat","embeddable":true,"href":"https:\/\/mobility-expert.be\/fr\/wp-json\/wp\/v2\/product_cat?post=2338"},{"taxonomy":"product_tag","embeddable":true,"href":"https:\/\/mobility-expert.be\/fr\/wp-json\/wp\/v2\/product_tag?post=2338"}],"curies":[{"name":"wp","href":"https:\/\/api.w.org\/{rel}","templated":true}]}}