{"id":1761,"date":"2024-10-18T13:09:38","date_gmt":"2024-10-18T13:09:38","guid":{"rendered":"https:\/\/mobility-expert.be\/product\/fd-motors-f3"},"modified":"2024-10-18T13:09:38","modified_gmt":"2024-10-18T13:09:38","slug":"fd-motors-f3","status":"publish","type":"product","link":"https:\/\/mobility-expert.be\/fr\/produit\/fd-motors-f3","title":{"rendered":"FD Motors F3"},"content":{"rendered":"<h2 data-start=\"945\" data-end=\"1037\"><strong data-start=\"948\" data-end=\"1037\">For Motion F3 \u2013 Scooter \u00e9lectrique avec grande autonomie pour un usage quotidien<\/strong><\/h2>\n<p data-start=\"1039\" data-end=\"1548\">Le scooter \u00e9lectrique For Motion F3 est un scooter \u00e9lectrique puissant et facile \u00e0 entretenir, con\u00e7u pour les longues distances et une utilisation quotidienne intensive.<br data-start=\"1415\" data-end=\"1418\">Gr\u00e2ce \u00e0 son moteur arri\u00e8re triphas\u00e9 performant, sa construction robuste et son autonomie pouvant atteindre 290 km (\u00e0 25 km\/h), ce scooter est id\u00e9al aussi bien pour les trajets domicile-travail que pour un usage professionnel.<br \/>Le F3 est disponible en deux versions : un mod\u00e8le classique avec phare au guidon et une version sportive avec phare int\u00e9gr\u00e9 au car\u00e9nage avant. <\/p>\n<hr data-start=\"1550\" data-end=\"1553\">\n<h3 data-start=\"1555\" data-end=\"1627\"><strong data-start=\"1559\" data-end=\"1627\">Caract\u00e9ristiques principales du scooter \u00e9lectrique For Motion F3<\/strong><\/h3>\n<ul data-start=\"1629\" data-end=\"2046\">\n<li data-start=\"1629\" data-end=\"1690\">\n<p data-start=\"1631\" data-end=\"1690\"><strong data-start=\"1631\" data-end=\"1641\">Moteur :<\/strong> Moteur triphas\u00e9 \u00e0 pont arri\u00e8re avec transmission \u00e0 bain d&rsquo;huile<\/p>\n<\/li>\n<li data-start=\"1691\" data-end=\"1762\">\n<p data-start=\"1693\" data-end=\"1762\"><strong data-start=\"1693\" data-end=\"1708\">Contr\u00f4leur :<\/strong> Auto-apprentissage avec reconnaissance automatique de la position de phase<\/p>\n<\/li>\n<li data-start=\"1763\" data-end=\"1847\">\n<p data-start=\"1765\" data-end=\"1847\"><strong data-start=\"1765\" data-end=\"1776\">Batteries :<\/strong> 72V \u2013 27Ah et 72V \u2013 75Ah lithium, utilisables seules ou combin\u00e9es<\/p>\n<\/li>\n<li data-start=\"1848\" data-end=\"1934\">\n<p data-start=\"1850\" data-end=\"1934\"><strong data-start=\"1850\" data-end=\"1873\">Gestion de batterie :<\/strong> R\u00e9partiteur int\u00e9gr\u00e9 pour charge et d\u00e9charge simultan\u00e9es<\/p>\n<\/li>\n<li data-start=\"1935\" data-end=\"1982\">\n<p data-start=\"1937\" data-end=\"1982\"><strong data-start=\"1937\" data-end=\"1950\">Taille des roues :<\/strong> 16 pouces avant \/ 14 pouces arri\u00e8re<\/p>\n<\/li>\n<li data-start=\"1983\" data-end=\"2046\">\n<p data-start=\"1985\" data-end=\"2046\"><strong data-start=\"1985\" data-end=\"2001\">Vitesse maximale :<\/strong> 25 km\/h ou 45 km\/h (selon le mod\u00e8le)<\/p>\n<\/li>\n<\/ul>\n<hr data-start=\"2048\" data-end=\"2051\">\n<h3 data-start=\"2053\" data-end=\"2087\"><strong data-start=\"2057\" data-end=\"2087\">Autonomie et packs de batteries<\/strong><\/h3>\n<div class=\"_tableContainer_1rjym_1\">\n<div class=\"group _tableWrapper_1rjym_13 flex w-fit flex-col-reverse\" tabindex=\"-1\">\n<table class=\"w-fit min-w-(--thread-content-width)\" data-start=\"2089\" data-end=\"2396\">\n<thead data-start=\"2089\" data-end=\"2147\">\n<tr data-start=\"2089\" data-end=\"2147\">\n<th data-start=\"2089\" data-end=\"2108\" data-col-size=\"sm\">Configuration de la batterie<\/th>\n<th data-start=\"2108\" data-end=\"2127\" data-col-size=\"sm\">Autonomie (45 km\/h)<\/th>\n<th data-start=\"2127\" data-end=\"2147\" data-col-size=\"sm\">Autonomie (25 km\/h)<\/th>\n<\/tr>\n<\/thead>\n<tbody data-start=\"2207\" data-end=\"2396\">\n<tr data-start=\"2207\" data-end=\"2248\">\n<td data-start=\"2207\" data-end=\"2223\" data-col-size=\"sm\">1\u00d7 72V \u2013 27Ah<\/td>\n<td data-start=\"2223\" data-end=\"2235\" data-col-size=\"sm\">env. 55 km<\/td>\n<td data-start=\"2235\" data-end=\"2248\" data-col-size=\"sm\">env. 75 km<\/td>\n<\/tr>\n<tr data-start=\"2249\" data-end=\"2292\">\n<td data-start=\"2249\" data-end=\"2265\" data-col-size=\"sm\">2\u00d7 72V \u2013 27Ah<\/td>\n<td data-start=\"2265\" data-end=\"2278\" data-col-size=\"sm\">env. 110 km<\/td>\n<td data-start=\"2278\" data-end=\"2292\" data-col-size=\"sm\">env. 150 km<\/td>\n<\/tr>\n<tr data-start=\"2293\" data-end=\"2336\">\n<td data-start=\"2293\" data-end=\"2309\" data-col-size=\"sm\">1\u00d7 72V \u2013 75Ah<\/td>\n<td data-start=\"2309\" data-end=\"2322\" data-col-size=\"sm\">env. 155 km<\/td>\n<td data-start=\"2322\" data-end=\"2336\" data-col-size=\"sm\">env. 216 km<\/td>\n<\/tr>\n<tr data-start=\"2337\" data-end=\"2396\">\n<td data-start=\"2337\" data-end=\"2369\" data-col-size=\"sm\">1\u00d7 72V \u2013 75Ah + 1\u00d7 72V \u2013 27Ah<\/td>\n<td data-start=\"2369\" data-end=\"2382\" data-col-size=\"sm\">env. 205 km<\/td>\n<td data-start=\"2382\" data-end=\"2396\" data-col-size=\"sm\">env. 290 km<\/td>\n<\/tr>\n<\/tbody>\n<\/table>\n<\/div>\n<\/div>\n<p data-start=\"2398\" data-end=\"2555\">Le For Motion F3 offre ainsi l\u2019une des plus grandes autonomies de sa cat\u00e9gorie.<br \/>Id\u00e9al pour ceux qui recherchent un scooter \u00e9lectrique \u00e0 grande port\u00e9e. <\/p>\n<hr data-start=\"2557\" data-end=\"2560\">\n<h3 data-start=\"2562\" data-end=\"2592\"><strong data-start=\"2566\" data-end=\"2592\">Confort et exp\u00e9rience de conduite<\/strong><\/h3>\n<p data-start=\"2594\" data-end=\"2949\">Le F3 combine des performances puissantes avec un confort exceptionnel.<br data-start=\"2791\" data-end=\"2794\">Ses grandes roues de 16 pouces \u00e0 l\u2019avant et de 14 pouces \u00e0 l\u2019arri\u00e8re assurent stabilit\u00e9 et adh\u00e9rence, m\u00eame \u00e0 haute vitesse ou sur des routes irr\u00e9guli\u00e8res.<br \/>De plus, le mod\u00e8le est \u00e9quip\u00e9 d\u2019amortisseurs r\u00e9glables, d\u2019un grand espace de rangement sous la selle et de larges repose-pieds offrant un confort suppl\u00e9mentaire. <\/p>\n<hr data-start=\"2951\" data-end=\"2954\">\n<h3 data-start=\"2956\" data-end=\"2982\"><strong data-start=\"2960\" data-end=\"2982\">Technologie intelligente<\/strong><\/h3>\n<p data-start=\"2984\" data-end=\"3092\">Le contr\u00f4leur auto-apprenant reconna\u00eet automatiquement les phases du moteur et s&rsquo;adapte dynamiquement. Cela permet : <\/p>\n<ul data-start=\"3093\" data-end=\"3202\">\n<li data-start=\"3093\" data-end=\"3123\">\n<p data-start=\"3095\" data-end=\"3123\">Une transmission de puissance fluide<\/p>\n<\/li>\n<li data-start=\"3124\" data-end=\"3158\">\n<p data-start=\"3126\" data-end=\"3158\">Une usure r\u00e9duite des composants<\/p>\n<\/li>\n<li data-start=\"3159\" data-end=\"3202\">\n<p data-start=\"3161\" data-end=\"3202\">Une efficacit\u00e9 et une consommation d&rsquo;\u00e9nergie optimales<\/p>\n<\/li>\n<\/ul>\n<p data-start=\"3204\" data-end=\"3394\">Le <strong data-start=\"3208\" data-end=\"3251\">syst\u00e8me de gestion de batterie int\u00e9gr\u00e9<\/strong> permet la charge et l&rsquo;utilisation simultan\u00e9es de plusieurs batteries. Sur le tableau de bord num\u00e9rique, vous pouvez voir <strong data-start=\"3356\" data-end=\"3393\">l&rsquo;\u00e9tat de chaque batterie s\u00e9par\u00e9ment<\/strong>. <\/p>\n<hr data-start=\"3396\" data-end=\"3399\">\n<h3 data-start=\"3401\" data-end=\"3448\"><strong data-start=\"3405\" data-end=\"3448\">Sp\u00e9cifications techniques (r\u00e9sum\u00e9)<\/strong><\/h3>\n<ul data-start=\"3450\" data-end=\"3740\">\n<li data-start=\"3450\" data-end=\"3525\">\n<p data-start=\"3452\" data-end=\"3525\"><strong data-start=\"3452\" data-end=\"3468\">Transmission :<\/strong> Moteur triphas\u00e9 \u00e0 pont arri\u00e8re avec transmission lubrifi\u00e9e \u00e0 l&rsquo;huile<\/p>\n<\/li>\n<li data-start=\"3526\" data-end=\"3588\">\n<p data-start=\"3528\" data-end=\"3588\"><strong data-start=\"3528\" data-end=\"3543\">Pack batterie :<\/strong> jusqu&rsquo;\u00e0 102Ah combin\u00e9s (72V \u2013 75Ah + 27Ah)<\/p>\n<\/li>\n<li data-start=\"3589\" data-end=\"3644\">\n<p data-start=\"3591\" data-end=\"3644\"><strong data-start=\"3591\" data-end=\"3606\">Temps de charge :<\/strong> selon le pack batterie et le chargeur<\/p>\n<\/li>\n<li data-start=\"3645\" data-end=\"3701\">\n<p data-start=\"3647\" data-end=\"3701\"><strong data-start=\"3647\" data-end=\"3659\">Modes de conduite :<\/strong> 25 ou 45 km\/h (avec limiteur optionnel)<\/p>\n<\/li>\n<li data-start=\"3702\" data-end=\"3740\">\n<p data-start=\"3704\" data-end=\"3740\"><strong data-start=\"3704\" data-end=\"3716\">Poids :<\/strong> env. 95 kg (sans batterie)<\/p>\n<\/li>\n<\/ul>\n<hr data-start=\"3742\" data-end=\"3745\">\n<h3 data-start=\"3747\" data-end=\"3777\"><strong data-start=\"3751\" data-end=\"3777\">Application &amp; groupe cible<\/strong><\/h3>\n<p data-start=\"3779\" data-end=\"3843\">Le <strong data-start=\"3782\" data-end=\"3824\">scooter \u00e9lectrique For Motion F3<\/strong> est parfait pour :<\/p>\n<ul data-start=\"3844\" data-end=\"4021\">\n<li data-start=\"3844\" data-end=\"3884\">\n<p data-start=\"3846\" data-end=\"3884\">Les trajets domicile-travail longue distance<\/p>\n<\/li>\n<li data-start=\"3885\" data-end=\"3940\">\n<p data-start=\"3887\" data-end=\"3940\">Usage professionnel intensif (comme les services de coursier)<\/p>\n<\/li>\n<li data-start=\"3941\" data-end=\"4021\">\n<p data-start=\"3943\" data-end=\"4021\">Les utilisateurs recherchant un <strong data-start=\"3970\" data-end=\"3990\">transport durable<\/strong> avec une <strong data-start=\"3995\" data-end=\"4019\">haute fiabilit\u00e9<\/strong><\/p>\n<\/li>\n<\/ul>\n<p data-start=\"4023\" data-end=\"4186\">Avec sa grande autonomie, ses performances \u00e9lev\u00e9es et ses faibles co\u00fbts d\u2019entretien, le F3 est un choix judicieux pour ceux qui passent \u00e0 la conduite \u00e9lectrique.<\/p>\n","protected":false},"excerpt":{"rendered":"<p>For Motion F3 \u2013 Scooter \u00e9lectrique avec grande autonomie pour un usage quotidien Le scooter \u00e9lectrique For Motion F3 est un scooter \u00e9lectrique puissant et facile \u00e0 entretenir, con\u00e7u pour les longues distances et une utilisation quotidienne intensive.Gr\u00e2ce \u00e0 son moteur arri\u00e8re triphas\u00e9 performant, sa construction robuste et son autonomie pouvant atteindre 290 km (\u00e0 [&#8230;]\n","protected":false},"featured_media":1770,"comment_status":"open","ping_status":"closed","template":"","meta":{"om_disable_all_campaigns":false},"product_brand":[],"product_cat":[53,62],"product_tag":[],"class_list":{"0":"post-1761","1":"product","2":"type-product","3":"status-publish","4":"has-post-thumbnail","6":"product_cat-tous-les-produits","7":"product_cat-scooters","9":"first","10":"instock","11":"taxable","12":"shipping-taxable","13":"purchasable","14":"product-type-simple"},"yoast_head":"<!-- This site is optimized with the Yoast SEO plugin v27.3 - https:\/\/yoast.com\/product\/yoast-seo-wordpress\/ -->\n<title>For Motion F3 \u2013 Scooter \u00e9lectrique avec autonomie jusqu&#039;\u00e0 290 km<\/title>\n<meta name=\"description\" content=\"D\u00e9couvrez le For Motion F3 : scooter \u00e9lectrique puissant avec une autonomie jusqu\u2019\u00e0 290 km. Id\u00e9al pour un usage quotidien et les trajets domicile-travail.\" \/>\n<meta name=\"robots\" content=\"index, follow, max-snippet:-1, max-image-preview:large, max-video-preview:-1\" \/>\n<link rel=\"canonical\" href=\"https:\/\/mobility-expert.be\/fr\/produit\/fd-motors-f3\" \/>\n<meta property=\"og:locale\" content=\"fr_FR\" \/>\n<meta property=\"og:type\" content=\"article\" \/>\n<meta property=\"og:title\" content=\"For Motion F3 \u2013 Scooter \u00e9lectrique avec autonomie jusqu&#039;\u00e0 290 km\" \/>\n<meta property=\"og:description\" content=\"D\u00e9couvrez le For Motion F3 : scooter \u00e9lectrique puissant avec une autonomie jusqu\u2019\u00e0 290 km. Id\u00e9al pour un usage quotidien et les trajets domicile-travail.\" \/>\n<meta property=\"og:url\" content=\"https:\/\/mobility-expert.be\/fr\/produit\/fd-motors-f3\" \/>\n<meta property=\"og:site_name\" content=\"Mobility Expert\" \/>\n<meta property=\"article:publisher\" content=\"https:\/\/www.facebook.com\/profile.php?id=61562203027433\" \/>\n<meta property=\"og:image\" content=\"https:\/\/mobility-expert.be\/wp-content\/uploads\/2024\/10\/blackf3__preview.webp\" \/>\n\t<meta property=\"og:image:width\" content=\"800\" \/>\n\t<meta property=\"og:image:height\" content=\"800\" \/>\n\t<meta property=\"og:image:type\" content=\"image\/webp\" \/>\n<meta name=\"twitter:card\" content=\"summary_large_image\" \/>\n<meta name=\"twitter:label1\" content=\"Dur\u00e9e de lecture estim\u00e9e\" \/>\n\t<meta name=\"twitter:data1\" content=\"3 minutes\" \/>\n<script type=\"application\/ld+json\" class=\"yoast-schema-graph\">{\"@context\":\"https:\\\/\\\/schema.org\",\"@graph\":[{\"@type\":\"WebPage\",\"@id\":\"https:\\\/\\\/mobility-expert.be\\\/fr\\\/produit\\\/fd-motors-f3\",\"url\":\"https:\\\/\\\/mobility-expert.be\\\/fr\\\/produit\\\/fd-motors-f3\",\"name\":\"For Motion F3 \u2013 Scooter \u00e9lectrique avec autonomie jusqu'\u00e0 290 km\",\"isPartOf\":{\"@id\":\"https:\\\/\\\/mobility-expert.be\\\/fr#website\"},\"primaryImageOfPage\":{\"@id\":\"https:\\\/\\\/mobility-expert.be\\\/fr\\\/produit\\\/fd-motors-f3#primaryimage\"},\"image\":{\"@id\":\"https:\\\/\\\/mobility-expert.be\\\/fr\\\/produit\\\/fd-motors-f3#primaryimage\"},\"thumbnailUrl\":\"https:\\\/\\\/mobility-expert.be\\\/wp-content\\\/uploads\\\/2024\\\/10\\\/blackf3__preview.webp\",\"datePublished\":\"2024-10-18T13:09:38+00:00\",\"description\":\"D\u00e9couvrez le For Motion F3 : scooter \u00e9lectrique puissant avec une autonomie jusqu\u2019\u00e0 290 km. Id\u00e9al pour un usage quotidien et les trajets domicile-travail.\",\"breadcrumb\":{\"@id\":\"https:\\\/\\\/mobility-expert.be\\\/fr\\\/produit\\\/fd-motors-f3#breadcrumb\"},\"inLanguage\":\"fr-FR\",\"potentialAction\":[{\"@type\":\"ReadAction\",\"target\":[\"https:\\\/\\\/mobility-expert.be\\\/fr\\\/produit\\\/fd-motors-f3\"]}]},{\"@type\":\"ImageObject\",\"inLanguage\":\"fr-FR\",\"@id\":\"https:\\\/\\\/mobility-expert.be\\\/fr\\\/produit\\\/fd-motors-f3#primaryimage\",\"url\":\"https:\\\/\\\/mobility-expert.be\\\/wp-content\\\/uploads\\\/2024\\\/10\\\/blackf3__preview.webp\",\"contentUrl\":\"https:\\\/\\\/mobility-expert.be\\\/wp-content\\\/uploads\\\/2024\\\/10\\\/blackf3__preview.webp\",\"width\":800,\"height\":800},{\"@type\":\"BreadcrumbList\",\"@id\":\"https:\\\/\\\/mobility-expert.be\\\/fr\\\/produit\\\/fd-motors-f3#breadcrumb\",\"itemListElement\":[{\"@type\":\"ListItem\",\"position\":1,\"name\":\"Home\",\"item\":\"https:\\\/\\\/mobility-expert.be\\\/fr\"},{\"@type\":\"ListItem\",\"position\":2,\"name\":\"Boutique\",\"item\":\"https:\\\/\\\/mobility-expert.be\\\/fr\\\/boutique\"},{\"@type\":\"ListItem\",\"position\":3,\"name\":\"FD Motors F3\"}]},{\"@type\":\"WebSite\",\"@id\":\"https:\\\/\\\/mobility-expert.be\\\/fr#website\",\"url\":\"https:\\\/\\\/mobility-expert.be\\\/fr\",\"name\":\"Mobility-Expert.be\",\"description\":\"Uw Mobiliteit, Onze Expertise!\",\"publisher\":{\"@id\":\"https:\\\/\\\/mobility-expert.be\\\/fr#organization\"},\"alternateName\":\"Mobility Expert\",\"potentialAction\":[{\"@type\":\"SearchAction\",\"target\":{\"@type\":\"EntryPoint\",\"urlTemplate\":\"https:\\\/\\\/mobility-expert.be\\\/fr?s={search_term_string}\"},\"query-input\":{\"@type\":\"PropertyValueSpecification\",\"valueRequired\":true,\"valueName\":\"search_term_string\"}}],\"inLanguage\":\"fr-FR\"},{\"@type\":\"Organization\",\"@id\":\"https:\\\/\\\/mobility-expert.be\\\/fr#organization\",\"name\":\"Mobility Expert\",\"url\":\"https:\\\/\\\/mobility-expert.be\\\/fr\",\"logo\":{\"@type\":\"ImageObject\",\"inLanguage\":\"fr-FR\",\"@id\":\"https:\\\/\\\/mobility-expert.be\\\/fr#\\\/schema\\\/logo\\\/image\\\/\",\"url\":\"https:\\\/\\\/mobility-expert.be\\\/wp-content\\\/uploads\\\/2025\\\/07\\\/MObilirty-5.png\",\"contentUrl\":\"https:\\\/\\\/mobility-expert.be\\\/wp-content\\\/uploads\\\/2025\\\/07\\\/MObilirty-5.png\",\"width\":500,\"height\":500,\"caption\":\"Mobility Expert\"},\"image\":{\"@id\":\"https:\\\/\\\/mobility-expert.be\\\/fr#\\\/schema\\\/logo\\\/image\\\/\"},\"sameAs\":[\"https:\\\/\\\/www.facebook.com\\\/profile.php?id=61562203027433\",\"https:\\\/\\\/www.instagram.com\\\/mobilityexpert\\\/\"]}]}<\/script>\n<!-- \/ Yoast SEO plugin. -->","yoast_head_json":{"title":"For Motion F3 \u2013 Scooter \u00e9lectrique avec autonomie jusqu'\u00e0 290 km","description":"D\u00e9couvrez le For Motion F3 : scooter \u00e9lectrique puissant avec une autonomie jusqu\u2019\u00e0 290 km. Id\u00e9al pour un usage quotidien et les trajets domicile-travail.","robots":{"index":"index","follow":"follow","max-snippet":"max-snippet:-1","max-image-preview":"max-image-preview:large","max-video-preview":"max-video-preview:-1"},"canonical":"https:\/\/mobility-expert.be\/fr\/produit\/fd-motors-f3","og_locale":"fr_FR","og_type":"article","og_title":"For Motion F3 \u2013 Scooter \u00e9lectrique avec autonomie jusqu'\u00e0 290 km","og_description":"D\u00e9couvrez le For Motion F3 : scooter \u00e9lectrique puissant avec une autonomie jusqu\u2019\u00e0 290 km. Id\u00e9al pour un usage quotidien et les trajets domicile-travail.","og_url":"https:\/\/mobility-expert.be\/fr\/produit\/fd-motors-f3","og_site_name":"Mobility Expert","article_publisher":"https:\/\/www.facebook.com\/profile.php?id=61562203027433","og_image":[{"width":800,"height":800,"url":"https:\/\/mobility-expert.be\/wp-content\/uploads\/2024\/10\/blackf3__preview.webp","type":"image\/webp"}],"twitter_card":"summary_large_image","twitter_misc":{"Dur\u00e9e de lecture estim\u00e9e":"3 minutes"},"schema":{"@context":"https:\/\/schema.org","@graph":[{"@type":"WebPage","@id":"https:\/\/mobility-expert.be\/fr\/produit\/fd-motors-f3","url":"https:\/\/mobility-expert.be\/fr\/produit\/fd-motors-f3","name":"For Motion F3 \u2013 Scooter \u00e9lectrique avec autonomie jusqu'\u00e0 290 km","isPartOf":{"@id":"https:\/\/mobility-expert.be\/fr#website"},"primaryImageOfPage":{"@id":"https:\/\/mobility-expert.be\/fr\/produit\/fd-motors-f3#primaryimage"},"image":{"@id":"https:\/\/mobility-expert.be\/fr\/produit\/fd-motors-f3#primaryimage"},"thumbnailUrl":"https:\/\/mobility-expert.be\/wp-content\/uploads\/2024\/10\/blackf3__preview.webp","datePublished":"2024-10-18T13:09:38+00:00","description":"D\u00e9couvrez le For Motion F3 : scooter \u00e9lectrique puissant avec une autonomie jusqu\u2019\u00e0 290 km. Id\u00e9al pour un usage quotidien et les trajets domicile-travail.","breadcrumb":{"@id":"https:\/\/mobility-expert.be\/fr\/produit\/fd-motors-f3#breadcrumb"},"inLanguage":"fr-FR","potentialAction":[{"@type":"ReadAction","target":["https:\/\/mobility-expert.be\/fr\/produit\/fd-motors-f3"]}]},{"@type":"ImageObject","inLanguage":"fr-FR","@id":"https:\/\/mobility-expert.be\/fr\/produit\/fd-motors-f3#primaryimage","url":"https:\/\/mobility-expert.be\/wp-content\/uploads\/2024\/10\/blackf3__preview.webp","contentUrl":"https:\/\/mobility-expert.be\/wp-content\/uploads\/2024\/10\/blackf3__preview.webp","width":800,"height":800},{"@type":"BreadcrumbList","@id":"https:\/\/mobility-expert.be\/fr\/produit\/fd-motors-f3#breadcrumb","itemListElement":[{"@type":"ListItem","position":1,"name":"Home","item":"https:\/\/mobility-expert.be\/fr"},{"@type":"ListItem","position":2,"name":"Boutique","item":"https:\/\/mobility-expert.be\/fr\/boutique"},{"@type":"ListItem","position":3,"name":"FD Motors F3"}]},{"@type":"WebSite","@id":"https:\/\/mobility-expert.be\/fr#website","url":"https:\/\/mobility-expert.be\/fr","name":"Mobility-Expert.be","description":"Uw Mobiliteit, Onze Expertise!","publisher":{"@id":"https:\/\/mobility-expert.be\/fr#organization"},"alternateName":"Mobility Expert","potentialAction":[{"@type":"SearchAction","target":{"@type":"EntryPoint","urlTemplate":"https:\/\/mobility-expert.be\/fr?s={search_term_string}"},"query-input":{"@type":"PropertyValueSpecification","valueRequired":true,"valueName":"search_term_string"}}],"inLanguage":"fr-FR"},{"@type":"Organization","@id":"https:\/\/mobility-expert.be\/fr#organization","name":"Mobility Expert","url":"https:\/\/mobility-expert.be\/fr","logo":{"@type":"ImageObject","inLanguage":"fr-FR","@id":"https:\/\/mobility-expert.be\/fr#\/schema\/logo\/image\/","url":"https:\/\/mobility-expert.be\/wp-content\/uploads\/2025\/07\/MObilirty-5.png","contentUrl":"https:\/\/mobility-expert.be\/wp-content\/uploads\/2025\/07\/MObilirty-5.png","width":500,"height":500,"caption":"Mobility Expert"},"image":{"@id":"https:\/\/mobility-expert.be\/fr#\/schema\/logo\/image\/"},"sameAs":["https:\/\/www.facebook.com\/profile.php?id=61562203027433","https:\/\/www.instagram.com\/mobilityexpert\/"]}]}},"jetpack_sharing_enabled":true,"_links":{"self":[{"href":"https:\/\/mobility-expert.be\/fr\/wp-json\/wp\/v2\/product\/1761","targetHints":{"allow":["GET"]}}],"collection":[{"href":"https:\/\/mobility-expert.be\/fr\/wp-json\/wp\/v2\/product"}],"about":[{"href":"https:\/\/mobility-expert.be\/fr\/wp-json\/wp\/v2\/types\/product"}],"replies":[{"embeddable":true,"href":"https:\/\/mobility-expert.be\/fr\/wp-json\/wp\/v2\/comments?post=1761"}],"wp:featuredmedia":[{"embeddable":true,"href":"https:\/\/mobility-expert.be\/fr\/wp-json\/wp\/v2\/media\/1770"}],"wp:attachment":[{"href":"https:\/\/mobility-expert.be\/fr\/wp-json\/wp\/v2\/media?parent=1761"}],"wp:term":[{"taxonomy":"product_brand","embeddable":true,"href":"https:\/\/mobility-expert.be\/fr\/wp-json\/wp\/v2\/product_brand?post=1761"},{"taxonomy":"product_cat","embeddable":true,"href":"https:\/\/mobility-expert.be\/fr\/wp-json\/wp\/v2\/product_cat?post=1761"},{"taxonomy":"product_tag","embeddable":true,"href":"https:\/\/mobility-expert.be\/fr\/wp-json\/wp\/v2\/product_tag?post=1761"}],"curies":[{"name":"wp","href":"https:\/\/api.w.org\/{rel}","templated":true}]}}