{"id":1708,"date":"2024-10-18T13:12:13","date_gmt":"2024-10-18T13:12:13","guid":{"rendered":"https:\/\/mobility-expert.be\/product\/for-motion-dike"},"modified":"2025-11-06T18:25:15","modified_gmt":"2025-11-06T18:25:15","slug":"for-motion-dike","status":"publish","type":"product","link":"https:\/\/mobility-expert.be\/fr\/produit\/for-motion-dike","title":{"rendered":"For Motion Dike"},"content":{"rendered":"<h1 data-start=\"450\" data-end=\"538\"><strong data-start=\"452\" data-end=\"538\">For Motion Dike \u2013 Voiturette \u00e9lectrique de luxe sans permis (scooter de mobilit\u00e9 \u00e0 4 roues)<\/strong><\/h1>\n<h3 data-start=\"540\" data-end=\"601\"><strong data-start=\"544\" data-end=\"601\">Luxe, confort et libert\u00e9 dans une mini-voiture \u00e9l\u00e9gante<\/strong><\/h3>\n<p data-start=\"602\" data-end=\"946\">Le <strong data-start=\"546\" data-end=\"565\">For Motion Dike<\/strong> est une <strong data-start=\"574\" data-end=\"617\">voiture \u00e9lectrique sans permis Belgique<\/strong> de luxe qui combine le confort d\u2019une voiture et la simplicit\u00e9 d\u2019un scooter de mobilit\u00e9 \u00e0 quatre roues. \u00c9l\u00e9gante, 100 % \u00e9lectrique et sans formalit\u00e9s, elle offre libert\u00e9, s\u00e9curit\u00e9 et confort de conduite en <strong data-start=\"823\" data-end=\"835\">Belgique<\/strong> et aux <strong data-start=\"843\" data-end=\"855\">Pays-Bas<\/strong>.<\/p>\n<p data-start=\"948\" data-end=\"1118\">Avec son moteur \u00e9lectrique puissant, sa climatisation, sa cam\u00e9ra de recul et une autonomie pouvant atteindre 90 km, la Dike offre un confort ultime pour une utilisation quotidienne, aussi bien en Belgique qu\u2019aux Pays-Bas.<\/p>\n<p>\ud83c\udfa5 <strong data-start=\"412\" data-end=\"470\">Regardez la vid\u00e9o de pr\u00e9sentation compl\u00e8te du For Motion Dike<\/strong><br \/>\nCette vid\u00e9o vous propose une visite guid\u00e9e compl\u00e8te de la mini-voiture \u00e9lectrique sans permis. D\u00e9couvrez toutes ses fonctionnalit\u00e9s, son int\u00e9rieur, ses commandes et ce qui rend la Dike si unique.<\/p>\n<p><iframe title=\"Dike Brommobiel Uitleg | Luxe 45 km\/u Microcar Zonder Rijbewijs \u2013 Mobility-Expert\" width=\"1020\" height=\"574\" src=\"https:\/\/www.youtube.com\/embed\/HkYmTumqV7I?feature=oembed\" frameborder=\"0\" allow=\"accelerometer; autoplay; clipboard-write; encrypted-media; gyroscope; picture-in-picture; web-share\" referrerpolicy=\"strict-origin-when-cross-origin\" allowfullscreen><\/iframe><\/p>\n<p>&nbsp;<\/p>\n<hr data-start=\"1120\" data-end=\"1123\" \/>\n<h3 data-start=\"1125\" data-end=\"1189\"><strong data-start=\"1129\" data-end=\"1189\">\u00c9quipement haut de gamme \u2013 tout ce que vous attendez d\u2019une voiture<\/strong><\/h3>\n<p data-start=\"1190\" data-end=\"1302\">La <strong data-start=\"1193\" data-end=\"1212\">For Motion Dike<\/strong> est \u00e9quip\u00e9e de fonctions haut de gamme que l\u2019on ne voit normalement que dans les voitures compl\u00e8tes :<\/p>\n<ul data-start=\"1303\" data-end=\"1696\">\n<li data-start=\"1303\" data-end=\"1363\">\n<p data-start=\"1305\" data-end=\"1363\"><strong data-start=\"1305\" data-end=\"1333\">Batterie au lithium 100Ah<\/strong> \u2013 grande autonomie jusqu\u2019\u00e0 90 km<\/p>\n<\/li>\n<li data-start=\"1364\" data-end=\"1454\">\n<p data-start=\"1366\" data-end=\"1454\"><strong data-start=\"1366\" data-end=\"1390\">Chargeur rapide int\u00e9gr\u00e9<\/strong> \u2013 recharge compl\u00e8te en 4 \u00e0 5 heures via une prise standard<\/p>\n<\/li>\n<li data-start=\"1455\" data-end=\"1536\">\n<p data-start=\"1457\" data-end=\"1536\"><strong data-start=\"1457\" data-end=\"1489\">Climatisation et chauffage<\/strong> \u2013 toujours le bon climat, \u00e9t\u00e9 comme hiver<\/p>\n<\/li>\n<li data-start=\"1537\" data-end=\"1612\">\n<p data-start=\"1539\" data-end=\"1612\"><strong data-start=\"1539\" data-end=\"1575\">Cam\u00e9ra de stationnement et vitres \u00e9lectriques<\/strong> \u2013 man\u0153uvres s\u00fbres et faciles<\/p>\n<\/li>\n<li data-start=\"1613\" data-end=\"1696\">\n<p data-start=\"1615\" data-end=\"1696\"><strong data-start=\"1615\" data-end=\"1665\">Verrouillage centralis\u00e9 des portes et t\u00e9l\u00e9commande<\/strong> \u2013 commodit\u00e9 et s\u00e9curit\u00e9 en un<\/p>\n<\/li>\n<\/ul>\n<p data-start=\"1698\" data-end=\"1883\">Chaque trajet inspire confiance gr\u00e2ce \u00e0 la conduite automatique (acc\u00e9l\u00e9ration, direction et freinage), tandis que les freins \u00e0 disque hydrauliques assurent un arr\u00eat en toute s\u00e9curit\u00e9, quelles que soient les conditions.<\/p>\n<hr data-start=\"1885\" data-end=\"1888\" \/>\n<h3 data-start=\"1890\" data-end=\"1935\"><strong data-start=\"1894\" data-end=\"1935\">Design moderne, sportif et bien pens\u00e9<\/strong><\/h3>\n<p data-start=\"1936\" data-end=\"2318\">Avec ses lignes robustes et angulaires et ses jantes sport de 12 pouces, le For Motion Dike \u00e9voque une mini Jeep.<br data-start=\"2041\" data-end=\"2044\" \/>L\u2019\u00e9clairage diurne \u00e0 LED, qui change de couleur lors de l\u2019utilisation des clignotants, donne au v\u00e9hicule un look moderne tout en am\u00e9liorant sa visibilit\u00e9 sur la route.<br data-start=\"2223\" data-end=\"2226\" \/>Gr\u00e2ce \u00e0 son toit intelligent avec \u00e9vacuation de pluie, vous restez au sec m\u00eame par mauvais temps lors de la mont\u00e9e \u00e0 bord.<\/p>\n<hr data-start=\"2320\" data-end=\"2323\" \/>\n<h3 data-start=\"2325\" data-end=\"2374\"><strong data-start=\"2329\" data-end=\"2374\">Confort et accessibilit\u00e9 pour tous<\/strong><\/h3>\n<p data-start=\"2375\" data-end=\"2787\">L\u2019acc\u00e8s spacieux des deux c\u00f4t\u00e9s, les si\u00e8ges r\u00e9glables et la cam\u00e9ra de recul de s\u00e9rie rendent la Dike particuli\u00e8rement conviviale, y compris pour les personnes \u00e0 mobilit\u00e9 r\u00e9duite.<br data-start=\"2555\" data-end=\"2558\" \/>Le si\u00e8ge est r\u00e9glable et peut, en option, \u00eatre pivotant pour faciliter encore davantage l\u2019acc\u00e8s \u00e0 bord.<br data-start=\"2648\" data-end=\"2651\" \/>La banquette arri\u00e8re peut accueillir un adulte ou deux enfants \u2013 id\u00e9ale pour les petits trajets en compagnie ou pour faire les courses.<\/p>\n<hr data-start=\"2789\" data-end=\"2792\" \/>\n<h3 data-start=\"2794\" data-end=\"2830\"><strong data-start=\"2798\" data-end=\"2830\">S\u00e9curit\u00e9 et fiabilit\u00e9<\/strong><\/h3>\n<p data-start=\"2831\" data-end=\"3247\">La s\u00e9curit\u00e9 est une priorit\u00e9 chez For Motion.<br data-start=\"2872\" data-end=\"2875\" \/>La Dike est \u00e9quip\u00e9e de freins \u00e0 disque hydrauliques sur les quatre roues, d\u2019un moteur \u00e9lectrique de 2000 W sans entretien et elle est conforme aux normes europ\u00e9ennes COC (Certificate of Conformity).<br data-start=\"3058\" data-end=\"3061\" \/>Le v\u00e9hicule est en outre contr\u00f4l\u00e9 par Dekra Allemagne, garantissant ainsi sa qualit\u00e9 et sa fiabilit\u00e9.<br data-start=\"3177\" data-end=\"3180\" \/>Vous profitez donc non seulement d\u2019un confort optimal, mais aussi d\u2019une tranquillit\u00e9 d\u2019esprit totale.<\/p>\n<hr data-start=\"3249\" data-end=\"3252\" \/>\n<h3 data-start=\"3254\" data-end=\"3307\"><strong data-start=\"3258\" data-end=\"3307\">Performances puissantes avec des chiffres r\u00e9alistes<\/strong><\/h3>\n<p data-start=\"3308\" data-end=\"3602\">Le For Motion Dike offre de v\u00e9ritables performances accessibles.<br data-start=\"3361\" data-end=\"3364\" \/>Dans des conditions normales, vous pouvez atteindre jusqu\u2019\u00e0 90 km d\u2019autonomie gr\u00e2ce \u00e0 son pack batterie lithium efficace (100 Ah, 60 V \u2013 6000 Wh).<br data-start=\"3490\" data-end=\"3493\" \/>La recharge se fait facilement via n\u2019importe quelle prise standard.<br data-start=\"3549\" data-end=\"3552\" \/>Pas de borne co\u00fbteuse, pas de complications \u2013 il suffit de brancher et de rouler.<\/p>\n<hr data-start=\"3604\" data-end=\"3607\" \/>\n<h3 data-start=\"423\" data-end=\"463\"><strong data-start=\"427\" data-end=\"461\">Conduire sans permis avec style<\/strong><\/h3>\n<p data-start=\"464\" data-end=\"778\">Aux Pays-Bas, vous pouvez conduire le For Motion Dike sans permis.<br \/>\nEn Belgique, le For Motion Dike est uniquement sans permis pour les personnes n\u00e9es avant le 1er octobre 1961.<br \/>\nLes autres doivent poss\u00e9der un permis AM ou B.<\/p>\n<p data-start=\"464\" data-end=\"778\"><br data-start=\"681\" data-end=\"684\" \/>Avec une vitesse maximale de <strong data-start=\"708\" data-end=\"719\">45 km\/h<\/strong>, vous vous d\u00e9placez facilement en ville et au village, sans soucis de circulation.<\/p>\n<blockquote data-start=\"780\" data-end=\"974\">\n<p data-start=\"782\" data-end=\"974\">\u2139\ufe0f Attention : en Belgique, le For Motion Dike n\u2019est sans permis que pour les personnes n\u00e9es avant le 1er octobre 1961.<br data-start=\"907\" data-end=\"910\" \/>Vous \u00eates plus jeune ? Dans ce cas, un permis cyclomoteur (AM) est requis.<\/p>\n<\/blockquote>\n<hr data-start=\"3958\" data-end=\"3961\" \/>\n<h3 data-start=\"3963\" data-end=\"3999\"><strong data-start=\"3967\" data-end=\"3999\">Personnalisation et accessoires<\/strong><\/h3>\n<p data-start=\"4000\" data-end=\"4138\">La Dike est disponible en plusieurs coloris \u2013 tels que rouge bordeaux, noir brillant et argent \u2013 et peut \u00eatre \u00e9quip\u00e9e, selon vos souhaits, notamment de :<\/p>\n<ul data-start=\"4139\" data-end=\"4390\">\n<li data-start=\"4139\" data-end=\"4203\">\n<p data-start=\"4141\" data-end=\"4203\"><strong data-start=\"4141\" data-end=\"4176\">Chauffage de si\u00e8ge ou si\u00e8ge confort<\/strong> pour un soutien suppl\u00e9mentaire<\/p>\n<\/li>\n<li data-start=\"4204\" data-end=\"4255\">\n<p data-start=\"4206\" data-end=\"4255\"><strong data-start=\"4206\" data-end=\"4253\">Commande des gaz et des freins \u00e0 gauche ou commande manuelle<\/strong><\/p>\n<\/li>\n<li data-start=\"4256\" data-end=\"4291\">\n<p data-start=\"4258\" data-end=\"4291\"><strong data-start=\"4258\" data-end=\"4289\">Support pour fauteuil roulant ou d\u00e9ambulateur<\/strong><\/p>\n<\/li>\n<li data-start=\"4292\" data-end=\"4340\">\n<p data-start=\"4294\" data-end=\"4340\"><strong data-start=\"4294\" data-end=\"4338\">Radio Bluetooth avec USB et chargeur de t\u00e9l\u00e9phone<\/strong><\/p>\n<\/li>\n<li data-start=\"4341\" data-end=\"4390\">\n<p data-start=\"4343\" data-end=\"4390\"><strong data-start=\"4343\" data-end=\"4388\">Chargeur rapide suppl\u00e9mentaire pour une vitesse de charge double<\/strong><\/p>\n<\/li>\n<\/ul>\n<p data-start=\"4392\" data-end=\"4476\">Vous pouvez ainsi composer votre Dike enti\u00e8rement sur mesure, adapt\u00e9e \u00e0 votre confort et \u00e0 vos besoins.<\/p>\n<hr data-start=\"4478\" data-end=\"4481\" \/>\n<h3 data-start=\"4483\" data-end=\"4528\"><strong data-start=\"4487\" data-end=\"4528\">Pourquoi choisir la For Motion Dike<\/strong><\/h3>\n<ul data-start=\"4529\" data-end=\"4869\">\n<li data-start=\"4529\" data-end=\"4565\">\n<p data-start=\"4531\" data-end=\"4565\">100 % \u00e9lectrique et n\u00e9cessitant peu d\u2019entretien<\/p>\n<\/li>\n<li data-start=\"4566\" data-end=\"4616\">\n<p data-start=\"4568\" data-end=\"4616\">Pas de permis de conduire, d\u2019assurance ou de taxe n\u00e9cessaire<\/p>\n<\/li>\n<li data-start=\"4617\" data-end=\"4676\">\n<p data-start=\"4619\" data-end=\"4676\">Climatisation, cam\u00e9ra de stationnement et chauffage inclus de s\u00e9rie<\/p>\n<\/li>\n<li data-start=\"4677\" data-end=\"4708\">\n<p data-start=\"4679\" data-end=\"4708\">Grande autonomie (jusqu\u2019\u00e0 90 km)<\/p>\n<\/li>\n<li data-start=\"4709\" data-end=\"4753\">\n<p data-start=\"4711\" data-end=\"4753\">Freins \u00e0 disque hydrauliques s\u00fbrs sur tout le pourtour<\/p>\n<\/li>\n<li data-start=\"4754\" data-end=\"4810\">\n<p data-start=\"4756\" data-end=\"4810\">Design unique de type Jeep avec \u00e9clairage LED moderne<\/p>\n<\/li>\n<li data-start=\"4811\" data-end=\"4869\">\n<p data-start=\"4813\" data-end=\"4869\">Certifi\u00e9 COC et adapt\u00e9 \u00e0 la Belgique et aux Pays-Bas<\/p>\n<\/li>\n<\/ul>\n<hr data-start=\"4871\" data-end=\"4874\" \/>\n<h3 data-start=\"4876\" data-end=\"4931\"><strong data-start=\"4880\" data-end=\"4931\">Commandez votre For Motion Dike chez Mobility-Expert<\/strong><\/h3>\n<p data-start=\"4932\" data-end=\"5269\">Choisissez la fiabilit\u00e9, le confort et la libert\u00e9 avec le For Motion Dike.<br data-start=\"5006\" data-end=\"5009\" \/>Chez Mobility-Expert, vous profitez d\u2019un processus de commande transparent, d\u2019un service personnalis\u00e9 et d\u2019une livraison rapide.<br data-start=\"5113\" data-end=\"5116\" \/>Commandez d\u00e8s aujourd\u2019hui votre voiturette \u00e9lectrique sans permis et d\u00e9couvrez \u00e0 quel point la mobilit\u00e9 peut \u00eatre confortable \u2013 au chaud, au sec et en toute ind\u00e9pendance.<\/p>\n","protected":false},"excerpt":{"rendered":"<p>For Motion Dike \u2013 Voiturette \u00e9lectrique de luxe sans permis (scooter de mobilit\u00e9 \u00e0 4 roues) Luxe, confort et libert\u00e9 dans une mini-voiture \u00e9l\u00e9gante Le For Motion Dike est une voiture \u00e9lectrique sans permis Belgique de luxe qui combine le confort d\u2019une voiture et la simplicit\u00e9 d\u2019un scooter de mobilit\u00e9 \u00e0 quatre roues. \u00c9l\u00e9gante, 100 [&#8230;]\n","protected":false},"featured_media":1709,"comment_status":"open","ping_status":"closed","template":"","meta":{"om_disable_all_campaigns":false},"product_brand":[],"product_cat":[53,57,56],"product_tag":[],"class_list":{"0":"post-1708","1":"product","2":"type-product","3":"status-publish","4":"has-post-thumbnail","6":"product_cat-tous-les-produits","7":"product_cat-voiturettes-microcar","8":"product_cat-meilleures-ventes","10":"first","11":"instock","12":"sale","13":"taxable","14":"shipping-taxable","15":"purchasable","16":"product-type-simple"},"yoast_head":"<!-- This site is optimized with the Yoast SEO plugin v27.3 - https:\/\/yoast.com\/product\/yoast-seo-wordpress\/ -->\n<title>For Motion Dike \u2013 Mini voiture \u00e9lectrique sans permis | Belgique<\/title>\n<meta name=\"description\" content=\"For Motion Dike : voiturette \u00e9lectrique de luxe sans permis. Confort, climatisation et autonomie jusqu\u2019\u00e0 90 km. Disponible en Belgique et aux Pays-Bas.\" \/>\n<meta name=\"robots\" content=\"index, follow, max-snippet:-1, max-image-preview:large, max-video-preview:-1\" \/>\n<link rel=\"canonical\" href=\"https:\/\/mobility-expert.be\/fr\/produit\/for-motion-dike\" \/>\n<meta property=\"og:locale\" content=\"fr_FR\" \/>\n<meta property=\"og:type\" content=\"article\" \/>\n<meta property=\"og:title\" content=\"For Motion Dike \u2013 Mini voiture \u00e9lectrique sans permis | Belgique\" \/>\n<meta property=\"og:description\" content=\"For Motion Dike : voiturette \u00e9lectrique de luxe sans permis. Confort, climatisation et autonomie jusqu\u2019\u00e0 90 km. Disponible en Belgique et aux Pays-Bas.\" \/>\n<meta property=\"og:url\" content=\"https:\/\/mobility-expert.be\/fr\/produit\/for-motion-dike\" \/>\n<meta property=\"og:site_name\" content=\"Mobility Expert\" \/>\n<meta property=\"article:publisher\" content=\"https:\/\/www.facebook.com\/profile.php?id=61562203027433\" \/>\n<meta property=\"article:modified_time\" content=\"2025-11-06T18:25:15+00:00\" \/>\n<meta property=\"og:image\" content=\"https:\/\/mobility-expert.be\/wp-content\/uploads\/2024\/10\/For-Motion-Dike-1.jpg\" \/>\n\t<meta property=\"og:image:width\" content=\"500\" \/>\n\t<meta property=\"og:image:height\" content=\"500\" \/>\n\t<meta property=\"og:image:type\" content=\"image\/jpeg\" \/>\n<meta name=\"twitter:card\" content=\"summary_large_image\" \/>\n<meta name=\"twitter:label1\" content=\"Dur\u00e9e de lecture estim\u00e9e\" \/>\n\t<meta name=\"twitter:data1\" content=\"4 minutes\" \/>\n<script type=\"application\/ld+json\" class=\"yoast-schema-graph\">{\"@context\":\"https:\\\/\\\/schema.org\",\"@graph\":[{\"@type\":\"WebPage\",\"@id\":\"https:\\\/\\\/mobility-expert.be\\\/fr\\\/produit\\\/for-motion-dike\",\"url\":\"https:\\\/\\\/mobility-expert.be\\\/fr\\\/produit\\\/for-motion-dike\",\"name\":\"For Motion Dike \u2013 Mini voiture \u00e9lectrique sans permis | Belgique\",\"isPartOf\":{\"@id\":\"https:\\\/\\\/mobility-expert.be\\\/fr#website\"},\"primaryImageOfPage\":{\"@id\":\"https:\\\/\\\/mobility-expert.be\\\/fr\\\/produit\\\/for-motion-dike#primaryimage\"},\"image\":{\"@id\":\"https:\\\/\\\/mobility-expert.be\\\/fr\\\/produit\\\/for-motion-dike#primaryimage\"},\"thumbnailUrl\":\"https:\\\/\\\/mobility-expert.be\\\/wp-content\\\/uploads\\\/2024\\\/10\\\/For-Motion-Dike-1.jpg\",\"datePublished\":\"2024-10-18T13:12:13+00:00\",\"dateModified\":\"2025-11-06T18:25:15+00:00\",\"description\":\"For Motion Dike : voiturette \u00e9lectrique de luxe sans permis. Confort, climatisation et autonomie jusqu\u2019\u00e0 90 km. Disponible en Belgique et aux Pays-Bas.\",\"breadcrumb\":{\"@id\":\"https:\\\/\\\/mobility-expert.be\\\/fr\\\/produit\\\/for-motion-dike#breadcrumb\"},\"inLanguage\":\"fr-FR\",\"potentialAction\":[{\"@type\":\"ReadAction\",\"target\":[\"https:\\\/\\\/mobility-expert.be\\\/fr\\\/produit\\\/for-motion-dike\"]}]},{\"@type\":\"ImageObject\",\"inLanguage\":\"fr-FR\",\"@id\":\"https:\\\/\\\/mobility-expert.be\\\/fr\\\/produit\\\/for-motion-dike#primaryimage\",\"url\":\"https:\\\/\\\/mobility-expert.be\\\/wp-content\\\/uploads\\\/2024\\\/10\\\/For-Motion-Dike-1.jpg\",\"contentUrl\":\"https:\\\/\\\/mobility-expert.be\\\/wp-content\\\/uploads\\\/2024\\\/10\\\/For-Motion-Dike-1.jpg\",\"width\":500,\"height\":500},{\"@type\":\"BreadcrumbList\",\"@id\":\"https:\\\/\\\/mobility-expert.be\\\/fr\\\/produit\\\/for-motion-dike#breadcrumb\",\"itemListElement\":[{\"@type\":\"ListItem\",\"position\":1,\"name\":\"Home\",\"item\":\"https:\\\/\\\/mobility-expert.be\\\/fr\"},{\"@type\":\"ListItem\",\"position\":2,\"name\":\"Boutique\",\"item\":\"https:\\\/\\\/mobility-expert.be\\\/fr\\\/boutique\"},{\"@type\":\"ListItem\",\"position\":3,\"name\":\"For Motion Dike\"}]},{\"@type\":\"WebSite\",\"@id\":\"https:\\\/\\\/mobility-expert.be\\\/fr#website\",\"url\":\"https:\\\/\\\/mobility-expert.be\\\/fr\",\"name\":\"Mobility-Expert.be\",\"description\":\"Uw Mobiliteit, Onze Expertise!\",\"publisher\":{\"@id\":\"https:\\\/\\\/mobility-expert.be\\\/fr#organization\"},\"alternateName\":\"Mobility Expert\",\"potentialAction\":[{\"@type\":\"SearchAction\",\"target\":{\"@type\":\"EntryPoint\",\"urlTemplate\":\"https:\\\/\\\/mobility-expert.be\\\/fr?s={search_term_string}\"},\"query-input\":{\"@type\":\"PropertyValueSpecification\",\"valueRequired\":true,\"valueName\":\"search_term_string\"}}],\"inLanguage\":\"fr-FR\"},{\"@type\":\"Organization\",\"@id\":\"https:\\\/\\\/mobility-expert.be\\\/fr#organization\",\"name\":\"Mobility Expert\",\"url\":\"https:\\\/\\\/mobility-expert.be\\\/fr\",\"logo\":{\"@type\":\"ImageObject\",\"inLanguage\":\"fr-FR\",\"@id\":\"https:\\\/\\\/mobility-expert.be\\\/fr#\\\/schema\\\/logo\\\/image\\\/\",\"url\":\"https:\\\/\\\/mobility-expert.be\\\/wp-content\\\/uploads\\\/2025\\\/07\\\/MObilirty-5.png\",\"contentUrl\":\"https:\\\/\\\/mobility-expert.be\\\/wp-content\\\/uploads\\\/2025\\\/07\\\/MObilirty-5.png\",\"width\":500,\"height\":500,\"caption\":\"Mobility Expert\"},\"image\":{\"@id\":\"https:\\\/\\\/mobility-expert.be\\\/fr#\\\/schema\\\/logo\\\/image\\\/\"},\"sameAs\":[\"https:\\\/\\\/www.facebook.com\\\/profile.php?id=61562203027433\",\"https:\\\/\\\/www.instagram.com\\\/mobilityexpert\\\/\"]}]}<\/script>\n<!-- \/ Yoast SEO plugin. -->","yoast_head_json":{"title":"For Motion Dike \u2013 Mini voiture \u00e9lectrique sans permis | Belgique","description":"For Motion Dike : voiturette \u00e9lectrique de luxe sans permis. Confort, climatisation et autonomie jusqu\u2019\u00e0 90 km. Disponible en Belgique et aux Pays-Bas.","robots":{"index":"index","follow":"follow","max-snippet":"max-snippet:-1","max-image-preview":"max-image-preview:large","max-video-preview":"max-video-preview:-1"},"canonical":"https:\/\/mobility-expert.be\/fr\/produit\/for-motion-dike","og_locale":"fr_FR","og_type":"article","og_title":"For Motion Dike \u2013 Mini voiture \u00e9lectrique sans permis | Belgique","og_description":"For Motion Dike : voiturette \u00e9lectrique de luxe sans permis. Confort, climatisation et autonomie jusqu\u2019\u00e0 90 km. Disponible en Belgique et aux Pays-Bas.","og_url":"https:\/\/mobility-expert.be\/fr\/produit\/for-motion-dike","og_site_name":"Mobility Expert","article_publisher":"https:\/\/www.facebook.com\/profile.php?id=61562203027433","article_modified_time":"2025-11-06T18:25:15+00:00","og_image":[{"width":500,"height":500,"url":"https:\/\/mobility-expert.be\/wp-content\/uploads\/2024\/10\/For-Motion-Dike-1.jpg","type":"image\/jpeg"}],"twitter_card":"summary_large_image","twitter_misc":{"Dur\u00e9e de lecture estim\u00e9e":"4 minutes"},"schema":{"@context":"https:\/\/schema.org","@graph":[{"@type":"WebPage","@id":"https:\/\/mobility-expert.be\/fr\/produit\/for-motion-dike","url":"https:\/\/mobility-expert.be\/fr\/produit\/for-motion-dike","name":"For Motion Dike \u2013 Mini voiture \u00e9lectrique sans permis | Belgique","isPartOf":{"@id":"https:\/\/mobility-expert.be\/fr#website"},"primaryImageOfPage":{"@id":"https:\/\/mobility-expert.be\/fr\/produit\/for-motion-dike#primaryimage"},"image":{"@id":"https:\/\/mobility-expert.be\/fr\/produit\/for-motion-dike#primaryimage"},"thumbnailUrl":"https:\/\/mobility-expert.be\/wp-content\/uploads\/2024\/10\/For-Motion-Dike-1.jpg","datePublished":"2024-10-18T13:12:13+00:00","dateModified":"2025-11-06T18:25:15+00:00","description":"For Motion Dike : voiturette \u00e9lectrique de luxe sans permis. Confort, climatisation et autonomie jusqu\u2019\u00e0 90 km. Disponible en Belgique et aux Pays-Bas.","breadcrumb":{"@id":"https:\/\/mobility-expert.be\/fr\/produit\/for-motion-dike#breadcrumb"},"inLanguage":"fr-FR","potentialAction":[{"@type":"ReadAction","target":["https:\/\/mobility-expert.be\/fr\/produit\/for-motion-dike"]}]},{"@type":"ImageObject","inLanguage":"fr-FR","@id":"https:\/\/mobility-expert.be\/fr\/produit\/for-motion-dike#primaryimage","url":"https:\/\/mobility-expert.be\/wp-content\/uploads\/2024\/10\/For-Motion-Dike-1.jpg","contentUrl":"https:\/\/mobility-expert.be\/wp-content\/uploads\/2024\/10\/For-Motion-Dike-1.jpg","width":500,"height":500},{"@type":"BreadcrumbList","@id":"https:\/\/mobility-expert.be\/fr\/produit\/for-motion-dike#breadcrumb","itemListElement":[{"@type":"ListItem","position":1,"name":"Home","item":"https:\/\/mobility-expert.be\/fr"},{"@type":"ListItem","position":2,"name":"Boutique","item":"https:\/\/mobility-expert.be\/fr\/boutique"},{"@type":"ListItem","position":3,"name":"For Motion Dike"}]},{"@type":"WebSite","@id":"https:\/\/mobility-expert.be\/fr#website","url":"https:\/\/mobility-expert.be\/fr","name":"Mobility-Expert.be","description":"Uw Mobiliteit, Onze Expertise!","publisher":{"@id":"https:\/\/mobility-expert.be\/fr#organization"},"alternateName":"Mobility Expert","potentialAction":[{"@type":"SearchAction","target":{"@type":"EntryPoint","urlTemplate":"https:\/\/mobility-expert.be\/fr?s={search_term_string}"},"query-input":{"@type":"PropertyValueSpecification","valueRequired":true,"valueName":"search_term_string"}}],"inLanguage":"fr-FR"},{"@type":"Organization","@id":"https:\/\/mobility-expert.be\/fr#organization","name":"Mobility Expert","url":"https:\/\/mobility-expert.be\/fr","logo":{"@type":"ImageObject","inLanguage":"fr-FR","@id":"https:\/\/mobility-expert.be\/fr#\/schema\/logo\/image\/","url":"https:\/\/mobility-expert.be\/wp-content\/uploads\/2025\/07\/MObilirty-5.png","contentUrl":"https:\/\/mobility-expert.be\/wp-content\/uploads\/2025\/07\/MObilirty-5.png","width":500,"height":500,"caption":"Mobility Expert"},"image":{"@id":"https:\/\/mobility-expert.be\/fr#\/schema\/logo\/image\/"},"sameAs":["https:\/\/www.facebook.com\/profile.php?id=61562203027433","https:\/\/www.instagram.com\/mobilityexpert\/"]}]}},"jetpack_sharing_enabled":true,"_links":{"self":[{"href":"https:\/\/mobility-expert.be\/fr\/wp-json\/wp\/v2\/product\/1708","targetHints":{"allow":["GET"]}}],"collection":[{"href":"https:\/\/mobility-expert.be\/fr\/wp-json\/wp\/v2\/product"}],"about":[{"href":"https:\/\/mobility-expert.be\/fr\/wp-json\/wp\/v2\/types\/product"}],"replies":[{"embeddable":true,"href":"https:\/\/mobility-expert.be\/fr\/wp-json\/wp\/v2\/comments?post=1708"}],"wp:featuredmedia":[{"embeddable":true,"href":"https:\/\/mobility-expert.be\/fr\/wp-json\/wp\/v2\/media\/1709"}],"wp:attachment":[{"href":"https:\/\/mobility-expert.be\/fr\/wp-json\/wp\/v2\/media?parent=1708"}],"wp:term":[{"taxonomy":"product_brand","embeddable":true,"href":"https:\/\/mobility-expert.be\/fr\/wp-json\/wp\/v2\/product_brand?post=1708"},{"taxonomy":"product_cat","embeddable":true,"href":"https:\/\/mobility-expert.be\/fr\/wp-json\/wp\/v2\/product_cat?post=1708"},{"taxonomy":"product_tag","embeddable":true,"href":"https:\/\/mobility-expert.be\/fr\/wp-json\/wp\/v2\/product_tag?post=1708"}],"curies":[{"name":"wp","href":"https:\/\/api.w.org\/{rel}","templated":true}]}}