{"id":1612,"date":"2025-07-22T16:43:53","date_gmt":"2025-07-22T16:43:53","guid":{"rendered":"https:\/\/mobility-expert.be\/product\/for-motion-fast-one-t"},"modified":"2025-07-22T16:43:53","modified_gmt":"2025-07-22T16:43:53","slug":"for-motion-fast-one-t","status":"publish","type":"product","link":"https:\/\/mobility-expert.be\/fr\/produit\/for-motion-fast-one-t","title":{"rendered":"For motion : Fast One T"},"content":{"rendered":"<h1 data-start=\"390\" data-end=\"473\"><strong data-start=\"392\" data-end=\"473\">For Motion Fast One T \u2013 Scooter rapide \u00e0 trois roues 25 km\/h avec une autonomie de 300 km<\/strong><\/h1>\n<h3 data-start=\"475\" data-end=\"537\"><strong data-start=\"479\" data-end=\"537\">Puissance, confort et libert\u00e9 dans un seul scooter moderne<\/strong><\/h3>\n<p data-start=\"538\" data-end=\"1074\">Le For Motion Fast One T est un scooter \u00e9lectrique \u00e0 trois roues puissant et moderne, pouvant atteindre 25 km\/h, con\u00e7u pour ceux qui recherchent vitesse, confort et ind\u00e9pendance. Gr\u00e2ce \u00e0 son moteur de 1 000 W, son autonomie de 300 km avec des batteries au lithium et son si\u00e8ge luxueux et r\u00e9glable, ce scooter \u00e9lectrique est id\u00e9al pour une utilisation quotidienne et pour les longues distances.<br data-start=\"903\" data-end=\"906\">Que vous recherchiez la mobilit\u00e9 en ville ou la libert\u00e9 lors de longs trajets, le Fast One T offre des performances de pointe, sans permis de conduire, tant en Belgique qu&rsquo;aux Pays-Bas. <\/p>\n<p data-start=\"538\" data-end=\"1074\">\n<p data-start=\"1081\" data-end=\"1370\">\ud83c\udfa5 <strong data-start=\"1084\" data-end=\"1148\">Regardez la vid\u00e9o explicative compl\u00e8te du For Motion Fast One T<\/strong><br data-start=\"1148\" data-end=\"1151\">Dans cette vid\u00e9o, vous obtiendrez une d\u00e9monstration claire de toutes les fonctions, du fonctionnement et du confort de ce scooter rapide \u00e0 3 roues. D\u00e9couvrez pourquoi le Fast One T est l&rsquo;un des mod\u00e8les les plus populaires chez Mobility-Expert. <\/p>\n<p><iframe title=\"For Motion Fast One T.0 \u2013 De beste 3-wiel scootmobiel van 2025! \ud83d\ude80\" width=\"1020\" height=\"574\" src=\"https:\/\/www.youtube.com\/embed\/PNDdfEDYL1o?feature=oembed\" frameborder=\"0\" allow=\"accelerometer; autoplay; clipboard-write; encrypted-media; gyroscope; picture-in-picture; web-share\" referrerpolicy=\"strict-origin-when-cross-origin\" allowfullscreen><\/iframe><\/p>\n<hr data-start=\"1372\" data-end=\"1375\">\n<h3 data-start=\"1377\" data-end=\"1410\"><strong data-start=\"1381\" data-end=\"1410\">Vitesse et puissance en un<\/strong><\/h3>\n<p data-start=\"1411\" data-end=\"1753\">Avec une vitesse maximale de 25 km\/h, le For Motion Fast One T est l&rsquo;un des scooters \u00e9lectriques les plus rapides du march\u00e9.<br data-start=\"1520\" data-end=\"1523\">Son moteur \u00e9lectrique de 1 000 W offre une acc\u00e9l\u00e9ration puissante, vous permettant de gravir sans effort les pentes ou de vous faufiler dans la circulation dense.<br data-start=\"1652\" data-end=\"1655\">La vitesse est facile \u00e0 doser, ce qui vous permet de rouler en toute s\u00e9curit\u00e9 \u00e0 l&rsquo;int\u00e9rieur ou dans des couloirs \u00e9troits.<\/p>\n<hr data-start=\"1755\" data-end=\"1758\">\n<h3 data-start=\"1760\" data-end=\"1808\"><strong data-start=\"1764\" data-end=\"1808\">Batteries lithium pour une autonomie extra longue<\/strong><\/h3>\n<p data-start=\"1809\" data-end=\"2108\">Le Fast One T est livr\u00e9 en standard avec une batterie Gel durable (autonomie de 40 km), mais gr\u00e2ce \u00e0 la mise \u00e0 niveau lithium en option, vous pouvez augmenter l&rsquo;autonomie jusqu&rsquo;\u00e0 300 km.<br data-start=\"1978\" data-end=\"1981\">Les batteries lithium se rechargent compl\u00e8tement en seulement 4 \u00e0 6 heures via une prise de courant standard, ce qui est id\u00e9al pour une utilisation quotidienne.<\/p>\n<p data-start=\"2110\" data-end=\"2128\"><strong data-start=\"2110\" data-end=\"2126\">Options de batterie :<\/strong><\/p>\n<ul data-start=\"2129\" data-end=\"2349\">\n<li data-start=\"2129\" data-end=\"2155\">\n<p data-start=\"2131\" data-end=\"2155\">Batterie Gel : autonomie de 40 km<\/p>\n<\/li>\n<li data-start=\"2156\" data-end=\"2193\">\n<p data-start=\"2158\" data-end=\"2193\">1x 60V 20Ah Lithium : autonomie de 50 km<\/p>\n<\/li>\n<li data-start=\"2194\" data-end=\"2232\">\n<p data-start=\"2196\" data-end=\"2232\">2x 60V 20Ah Lithium : autonomie de 100 km<\/p>\n<\/li>\n<li data-start=\"2233\" data-end=\"2271\">\n<p data-start=\"2235\" data-end=\"2271\">3x 60V 20Ah Lithium : autonomie de 150 km<\/p>\n<\/li>\n<li data-start=\"2272\" data-end=\"2310\">\n<p data-start=\"2274\" data-end=\"2310\">4x 60V 20Ah Lithium : autonomie de 200 km<\/p>\n<\/li>\n<li data-start=\"2311\" data-end=\"2349\">\n<p data-start=\"2313\" data-end=\"2349\">5x 60V 20Ah Lithium : autonomie de 300 km<\/p>\n<\/li>\n<\/ul>\n<p data-start=\"2351\" data-end=\"2423\">\ud83d\udc49 Parfait pour ceux qui veulent faire de longs trajets sans recharge interm\u00e9diaire.<\/p>\n<hr data-start=\"2425\" data-end=\"2428\">\n<h3 data-start=\"2430\" data-end=\"2486\"><strong data-start=\"2434\" data-end=\"2486\">Conception innovante \u00e0 trois roues avec un court rayon de braquage<\/strong><\/h3>\n<p data-start=\"2487\" data-end=\"2886\">La conception stable \u00e0 3 roues du For Motion Fast One T offre la maniabilit\u00e9 d&rsquo;un scooter compact et la stabilit\u00e9 d&rsquo;un v\u00e9hicule \u00e0 quatre roues.<br data-start=\"2636\" data-end=\"2639\">Gr\u00e2ce \u00e0 ses amortisseurs hydrauliques et \u00e0 sa suspension robuste, vous b\u00e9n\u00e9ficiez d&rsquo;une conduite confortable, m\u00eame sur des terrains accident\u00e9s.<br data-start=\"2759\" data-end=\"2762\">La fonction de marche arri\u00e8re facilite les man\u0153uvres, que ce soit dans les all\u00e9es \u00e9troites des magasins ou pour se garer dans un garage.<\/p>\n<hr data-start=\"2888\" data-end=\"2891\">\n<h3 data-start=\"2893\" data-end=\"2935\"><strong data-start=\"2897\" data-end=\"2935\">Commandes adapt\u00e9es pour tous<\/strong><\/h3>\n<p data-start=\"2936\" data-end=\"3045\">Le Fast One T peut \u00eatre enti\u00e8rement adapt\u00e9 \u00e0 vos besoins personnels.<br data-start=\"3011\" data-end=\"3014\">En option, vous pouvez choisir :<\/p>\n<ul data-start=\"3046\" data-end=\"3198\">\n<li data-start=\"3046\" data-end=\"3127\">\n<p data-start=\"3048\" data-end=\"3127\"><strong data-start=\"3048\" data-end=\"3075\">P\u00e9dale d&rsquo;acc\u00e9l\u00e9rateur et p\u00e9dale de frein :<\/strong> id\u00e9al pour ceux qui ont moins de force dans les mains.<\/p>\n<\/li>\n<li data-start=\"3128\" data-end=\"3198\">\n<p data-start=\"3130\" data-end=\"3198\"><strong data-start=\"3130\" data-end=\"3151\">Commande d&rsquo;acc\u00e9l\u00e9rateur au pouce :<\/strong> acc\u00e9l\u00e9rez facilement d&rsquo;une simple pression du pouce.<\/p>\n<\/li>\n<\/ul>\n<p data-start=\"3200\" data-end=\"3305\">\ud83d\udca1 Gr\u00e2ce \u00e0 ces options, le Fast One T convient aux personnes ayant diverses limitations de mobilit\u00e9.<\/p>\n<hr data-start=\"3307\" data-end=\"3310\">\n<h3 data-start=\"3312\" data-end=\"3355\"><strong data-start=\"3316\" data-end=\"3355\">Si\u00e8ge confortable et r\u00e9glable<\/strong><\/h3>\n<p data-start=\"3356\" data-end=\"3681\">Le si\u00e8ge luxueux r\u00e9glable offre un confort maximal \u00e0 chaque trajet.<br data-start=\"3431\" data-end=\"3434\">Les accoudoirs se rel\u00e8vent facilement et le si\u00e8ge pivotant en option vous permet de monter et descendre sans effort.<br data-start=\"3540\" data-end=\"3543\">Pour plus de confort, un si\u00e8ge avec dossier plus haut est disponible, id\u00e9al pour les longs trajets ou pour ceux qui recherchent un soutien suppl\u00e9mentaire.<\/p>\n<hr data-start=\"3683\" data-end=\"3686\">\n<h3 data-start=\"3688\" data-end=\"3738\"><strong data-start=\"3692\" data-end=\"3738\">Fonctions pratiques pour un usage quotidien<\/strong><\/h3>\n<ul data-start=\"3739\" data-end=\"3989\">\n<li data-start=\"3739\" data-end=\"3815\">\n<p data-start=\"3741\" data-end=\"3815\"><strong data-start=\"3741\" data-end=\"3761\">Port USB :<\/strong> rechargez votre smartphone ou votre syst\u00e8me de navigation en route.<\/p>\n<\/li>\n<li data-start=\"3816\" data-end=\"3887\">\n<p data-start=\"3818\" data-end=\"3887\"><strong data-start=\"3818\" data-end=\"3839\">Barre anti-wheelie :<\/strong> emp\u00eache le basculement vers l&rsquo;arri\u00e8re sur les trottoirs hauts.<\/p>\n<\/li>\n<li data-start=\"3888\" data-end=\"3989\">\n<p data-start=\"3890\" data-end=\"3989\"><strong data-start=\"3890\" data-end=\"3914\">Options de bagages :<\/strong> panier ou compartiment \u00e0 bagages optionnel pour les courses ou les effets personnels.<\/p>\n<\/li>\n<\/ul>\n<hr data-start=\"3991\" data-end=\"3994\">\n<h3 data-start=\"3996\" data-end=\"4031\"><strong data-start=\"4000\" data-end=\"4031\">S\u00e9curit\u00e9 et visibilit\u00e9<\/strong><\/h3>\n<p data-start=\"4032\" data-end=\"4281\">Le Fast One T est \u00e9quip\u00e9 de feux de jour \u00e0 LED lumineux, qui am\u00e9liorent la visibilit\u00e9 par tous les temps.<br data-start=\"4145\" data-end=\"4148\">Les prot\u00e8ge-mains chrom\u00e9s sur le guidon prot\u00e8gent vos mains, et la construction solide garantit une s\u00e9curit\u00e9 maximale \u00e0 chaque trajet.<\/p>\n<hr data-start=\"4283\" data-end=\"4286\">\n<h3 data-start=\"4288\" data-end=\"4323\"><strong data-start=\"4292\" data-end=\"4323\">Design \u00e9l\u00e9gant et sportif<\/strong><\/h3>\n<p data-start=\"4324\" data-end=\"4577\">Le design du For Motion Fast One T combine des accents sportifs avec une finition moderne et \u00e9pur\u00e9e.<br data-start=\"4429\" data-end=\"4432\">Les <strong data-start=\"4435\" data-end=\"4460\">jantes chrom\u00e9es<\/strong>, le <strong data-start=\"4466\" data-end=\"4497\">garde-boue avant profil\u00e9<\/strong> et le design \u00e9l\u00e9gant du guidon font de ce scooter un v\u00e9ritable accroche-regard.<\/p>\n<hr data-start=\"4579\" data-end=\"4582\">\n<h3 data-start=\"4584\" data-end=\"4634\"><strong data-start=\"4588\" data-end=\"4634\">Conduite sans permis en Belgique et aux Pays-Bas<\/strong><\/h3>\n<p data-start=\"4635\" data-end=\"4861\">Le For Motion Fast One T appartient \u00e0 la cat\u00e9gorie des v\u00e9hicules pour personnes handicap\u00e9es et ne n\u00e9cessite donc pas de permis de conduire pour les conducteurs \u00e2g\u00e9s de 16 ans et plus.<br data-start=\"4772\" data-end=\"4775\">Vous pouvez le conduire en Belgique et aux Pays-Bas sans examen ni permis de conduire.<\/p>\n<hr data-start=\"4863\" data-end=\"4866\">\n<h3 data-start=\"4868\" data-end=\"4919\"><strong data-start=\"4872\" data-end=\"4919\">Pourquoi choisir le For Motion Fast One T<\/strong><\/h3>\n<ul data-start=\"4920\" data-end=\"5214\">\n<li data-start=\"4920\" data-end=\"4948\">\n<p data-start=\"4922\" data-end=\"4948\">Vitesse jusqu&rsquo;\u00e0 <strong data-start=\"4935\" data-end=\"4946\">25 km\/h<\/strong><\/p>\n<\/li>\n<li data-start=\"4949\" data-end=\"4991\">\n<p data-start=\"4951\" data-end=\"4991\">Autonomie jusqu&rsquo;\u00e0 <strong data-start=\"4962\" data-end=\"4972\">300 km<\/strong> avec batterie lithium<\/p>\n<\/li>\n<li data-start=\"4992\" data-end=\"5021\">\n<p data-start=\"4994\" data-end=\"5021\"><strong data-start=\"4994\" data-end=\"5019\">Moteur puissant de 1000W<\/strong><\/p>\n<\/li>\n<li data-start=\"5022\" data-end=\"5060\">\n<p data-start=\"5024\" data-end=\"5060\"><strong data-start=\"5024\" data-end=\"5058\">Si\u00e8ge r\u00e9glable et pivotant<\/strong><\/p>\n<\/li>\n<li data-start=\"5061\" data-end=\"5109\">\n<p data-start=\"5063\" data-end=\"5109\"><strong data-start=\"5063\" data-end=\"5086\">Suspension confortable<\/strong> et court rayon de braquage<\/p>\n<\/li>\n<li data-start=\"5110\" data-end=\"5170\">\n<p data-start=\"5112\" data-end=\"5170\"><strong data-start=\"5112\" data-end=\"5168\">Port USB, \u00e9clairage LED et barre anti-wheelie<\/strong><\/p>\n<\/li>\n<li data-start=\"5171\" data-end=\"5214\">\n<p data-start=\"5173\" data-end=\"5214\"><strong data-start=\"5173\" data-end=\"5190\">Sans permis<\/strong> en Belgique et aux Pays-Bas<\/p>\n<\/li>\n<\/ul>\n<hr data-start=\"5216\" data-end=\"5219\">\n<h3 data-start=\"5221\" data-end=\"5282\"><strong data-start=\"5225\" data-end=\"5282\">Commandez votre For Motion Fast One T chez Mobility-Expert<\/strong><\/h3>\n<p data-start=\"5283\" data-end=\"5570\">D\u00e9couvrez par vous-m\u00eame pourquoi le Fast One T est l&rsquo;un des scooters \u00e0 trois roues les plus appr\u00e9ci\u00e9s de Belgique.<br data-start=\"5383\" data-end=\"5386\">Alliez vitesse, s\u00e9curit\u00e9 et confort de conduite en un seul v\u00e9hicule et profitez d&rsquo;une libert\u00e9 ultime.<br data-start=\"5480\" data-end=\"5483\">Commandez d\u00e8s aujourd&rsquo;hui chez Mobility-Expert ou demandez une d\u00e9monstration sans engagement.<\/p>\n","protected":false},"excerpt":{"rendered":"<p>For Motion Fast One T \u2013 Scooter rapide \u00e0 trois roues 25 km\/h avec une autonomie de 300 km Puissance, confort et libert\u00e9 dans un seul scooter moderne Le For Motion Fast One T est un scooter \u00e9lectrique \u00e0 trois roues puissant et moderne, pouvant atteindre 25 km\/h, con\u00e7u pour ceux qui recherchent vitesse, confort [&#8230;]\n","protected":false},"featured_media":1633,"comment_status":"open","ping_status":"closed","template":"","meta":{"om_disable_all_campaigns":false},"product_brand":[],"product_cat":[53,54,58],"product_tag":[],"class_list":{"0":"post-1612","1":"product","2":"type-product","3":"status-publish","4":"has-post-thumbnail","6":"product_cat-tous-les-produits","7":"product_cat-scooters-de-mobilite","8":"product_cat-scooters-a-3-roues","10":"first","11":"instock","12":"sale","13":"taxable","14":"shipping-taxable","15":"purchasable","16":"product-type-simple"},"yoast_head":"<!-- This site is optimized with the Yoast SEO plugin v27.3 - https:\/\/yoast.com\/product\/yoast-seo-wordpress\/ -->\n<title>For Motion Fast One T \u2013 Scooter \u00e0 trois roues 25 km\/h<\/title>\n<meta name=\"description\" content=\"For Motion Fast One T \u2013 scooter rapide \u00e0 trois roues 25 km\/h avec une autonomie de 300 km et une batterie lithium. Conduite sans permis, maintenant disponible en Belgique et aux Pays-Bas.\" \/>\n<meta name=\"robots\" content=\"index, follow, max-snippet:-1, max-image-preview:large, max-video-preview:-1\" \/>\n<link rel=\"canonical\" href=\"https:\/\/mobility-expert.be\/fr\/produit\/for-motion-fast-one-t\" \/>\n<meta property=\"og:locale\" content=\"fr_FR\" \/>\n<meta property=\"og:type\" content=\"article\" \/>\n<meta property=\"og:title\" content=\"For Motion Fast One T \u2013 Scooter \u00e0 trois roues 25 km\/h\" \/>\n<meta property=\"og:description\" content=\"For Motion Fast One T \u2013 scooter rapide \u00e0 trois roues 25 km\/h avec une autonomie de 300 km et une batterie lithium. Conduite sans permis, maintenant disponible en Belgique et aux Pays-Bas.\" \/>\n<meta property=\"og:url\" content=\"https:\/\/mobility-expert.be\/fr\/produit\/for-motion-fast-one-t\" \/>\n<meta property=\"og:site_name\" content=\"Mobility Expert\" \/>\n<meta property=\"article:publisher\" content=\"https:\/\/www.facebook.com\/profile.php?id=61562203027433\" \/>\n<meta property=\"og:image\" content=\"https:\/\/mobility-expert.be\/wp-content\/uploads\/2025\/07\/FOTR-R-voor__preview.webp\" \/>\n\t<meta property=\"og:image:width\" content=\"800\" \/>\n\t<meta property=\"og:image:height\" content=\"711\" \/>\n\t<meta property=\"og:image:type\" content=\"image\/webp\" \/>\n<meta name=\"twitter:card\" content=\"summary_large_image\" \/>\n<meta name=\"twitter:label1\" content=\"Dur\u00e9e de lecture estim\u00e9e\" \/>\n\t<meta name=\"twitter:data1\" content=\"5 minutes\" \/>\n<script type=\"application\/ld+json\" class=\"yoast-schema-graph\">{\"@context\":\"https:\\\/\\\/schema.org\",\"@graph\":[{\"@type\":\"WebPage\",\"@id\":\"https:\\\/\\\/mobility-expert.be\\\/fr\\\/produit\\\/for-motion-fast-one-t\",\"url\":\"https:\\\/\\\/mobility-expert.be\\\/fr\\\/produit\\\/for-motion-fast-one-t\",\"name\":\"For Motion Fast One T \u2013 Scooter \u00e0 trois roues 25 km\\\/h\",\"isPartOf\":{\"@id\":\"https:\\\/\\\/mobility-expert.be\\\/fr#website\"},\"primaryImageOfPage\":{\"@id\":\"https:\\\/\\\/mobility-expert.be\\\/fr\\\/produit\\\/for-motion-fast-one-t#primaryimage\"},\"image\":{\"@id\":\"https:\\\/\\\/mobility-expert.be\\\/fr\\\/produit\\\/for-motion-fast-one-t#primaryimage\"},\"thumbnailUrl\":\"https:\\\/\\\/mobility-expert.be\\\/wp-content\\\/uploads\\\/2025\\\/07\\\/FOTR-R-voor__preview.webp\",\"datePublished\":\"2025-07-22T16:43:53+00:00\",\"description\":\"For Motion Fast One T \u2013 scooter rapide \u00e0 trois roues 25 km\\\/h avec une autonomie de 300 km et une batterie lithium. Conduite sans permis, maintenant disponible en Belgique et aux Pays-Bas.\",\"breadcrumb\":{\"@id\":\"https:\\\/\\\/mobility-expert.be\\\/fr\\\/produit\\\/for-motion-fast-one-t#breadcrumb\"},\"inLanguage\":\"fr-FR\",\"potentialAction\":[{\"@type\":\"ReadAction\",\"target\":[\"https:\\\/\\\/mobility-expert.be\\\/fr\\\/produit\\\/for-motion-fast-one-t\"]}]},{\"@type\":\"ImageObject\",\"inLanguage\":\"fr-FR\",\"@id\":\"https:\\\/\\\/mobility-expert.be\\\/fr\\\/produit\\\/for-motion-fast-one-t#primaryimage\",\"url\":\"https:\\\/\\\/mobility-expert.be\\\/wp-content\\\/uploads\\\/2025\\\/07\\\/FOTR-R-voor__preview.webp\",\"contentUrl\":\"https:\\\/\\\/mobility-expert.be\\\/wp-content\\\/uploads\\\/2025\\\/07\\\/FOTR-R-voor__preview.webp\",\"width\":800,\"height\":711},{\"@type\":\"BreadcrumbList\",\"@id\":\"https:\\\/\\\/mobility-expert.be\\\/fr\\\/produit\\\/for-motion-fast-one-t#breadcrumb\",\"itemListElement\":[{\"@type\":\"ListItem\",\"position\":1,\"name\":\"Home\",\"item\":\"https:\\\/\\\/mobility-expert.be\\\/fr\"},{\"@type\":\"ListItem\",\"position\":2,\"name\":\"Boutique\",\"item\":\"https:\\\/\\\/mobility-expert.be\\\/fr\\\/boutique\"},{\"@type\":\"ListItem\",\"position\":3,\"name\":\"For motion : Fast One T\"}]},{\"@type\":\"WebSite\",\"@id\":\"https:\\\/\\\/mobility-expert.be\\\/fr#website\",\"url\":\"https:\\\/\\\/mobility-expert.be\\\/fr\",\"name\":\"Mobility-Expert.be\",\"description\":\"Uw Mobiliteit, Onze Expertise!\",\"publisher\":{\"@id\":\"https:\\\/\\\/mobility-expert.be\\\/fr#organization\"},\"alternateName\":\"Mobility Expert\",\"potentialAction\":[{\"@type\":\"SearchAction\",\"target\":{\"@type\":\"EntryPoint\",\"urlTemplate\":\"https:\\\/\\\/mobility-expert.be\\\/fr?s={search_term_string}\"},\"query-input\":{\"@type\":\"PropertyValueSpecification\",\"valueRequired\":true,\"valueName\":\"search_term_string\"}}],\"inLanguage\":\"fr-FR\"},{\"@type\":\"Organization\",\"@id\":\"https:\\\/\\\/mobility-expert.be\\\/fr#organization\",\"name\":\"Mobility Expert\",\"url\":\"https:\\\/\\\/mobility-expert.be\\\/fr\",\"logo\":{\"@type\":\"ImageObject\",\"inLanguage\":\"fr-FR\",\"@id\":\"https:\\\/\\\/mobility-expert.be\\\/fr#\\\/schema\\\/logo\\\/image\\\/\",\"url\":\"https:\\\/\\\/mobility-expert.be\\\/wp-content\\\/uploads\\\/2025\\\/07\\\/MObilirty-5.png\",\"contentUrl\":\"https:\\\/\\\/mobility-expert.be\\\/wp-content\\\/uploads\\\/2025\\\/07\\\/MObilirty-5.png\",\"width\":500,\"height\":500,\"caption\":\"Mobility Expert\"},\"image\":{\"@id\":\"https:\\\/\\\/mobility-expert.be\\\/fr#\\\/schema\\\/logo\\\/image\\\/\"},\"sameAs\":[\"https:\\\/\\\/www.facebook.com\\\/profile.php?id=61562203027433\",\"https:\\\/\\\/www.instagram.com\\\/mobilityexpert\\\/\"]}]}<\/script>\n<!-- \/ Yoast SEO plugin. -->","yoast_head_json":{"title":"For Motion Fast One T \u2013 Scooter \u00e0 trois roues 25 km\/h","description":"For Motion Fast One T \u2013 scooter rapide \u00e0 trois roues 25 km\/h avec une autonomie de 300 km et une batterie lithium. Conduite sans permis, maintenant disponible en Belgique et aux Pays-Bas.","robots":{"index":"index","follow":"follow","max-snippet":"max-snippet:-1","max-image-preview":"max-image-preview:large","max-video-preview":"max-video-preview:-1"},"canonical":"https:\/\/mobility-expert.be\/fr\/produit\/for-motion-fast-one-t","og_locale":"fr_FR","og_type":"article","og_title":"For Motion Fast One T \u2013 Scooter \u00e0 trois roues 25 km\/h","og_description":"For Motion Fast One T \u2013 scooter rapide \u00e0 trois roues 25 km\/h avec une autonomie de 300 km et une batterie lithium. Conduite sans permis, maintenant disponible en Belgique et aux Pays-Bas.","og_url":"https:\/\/mobility-expert.be\/fr\/produit\/for-motion-fast-one-t","og_site_name":"Mobility Expert","article_publisher":"https:\/\/www.facebook.com\/profile.php?id=61562203027433","og_image":[{"width":800,"height":711,"url":"https:\/\/mobility-expert.be\/wp-content\/uploads\/2025\/07\/FOTR-R-voor__preview.webp","type":"image\/webp"}],"twitter_card":"summary_large_image","twitter_misc":{"Dur\u00e9e de lecture estim\u00e9e":"5 minutes"},"schema":{"@context":"https:\/\/schema.org","@graph":[{"@type":"WebPage","@id":"https:\/\/mobility-expert.be\/fr\/produit\/for-motion-fast-one-t","url":"https:\/\/mobility-expert.be\/fr\/produit\/for-motion-fast-one-t","name":"For Motion Fast One T \u2013 Scooter \u00e0 trois roues 25 km\/h","isPartOf":{"@id":"https:\/\/mobility-expert.be\/fr#website"},"primaryImageOfPage":{"@id":"https:\/\/mobility-expert.be\/fr\/produit\/for-motion-fast-one-t#primaryimage"},"image":{"@id":"https:\/\/mobility-expert.be\/fr\/produit\/for-motion-fast-one-t#primaryimage"},"thumbnailUrl":"https:\/\/mobility-expert.be\/wp-content\/uploads\/2025\/07\/FOTR-R-voor__preview.webp","datePublished":"2025-07-22T16:43:53+00:00","description":"For Motion Fast One T \u2013 scooter rapide \u00e0 trois roues 25 km\/h avec une autonomie de 300 km et une batterie lithium. Conduite sans permis, maintenant disponible en Belgique et aux Pays-Bas.","breadcrumb":{"@id":"https:\/\/mobility-expert.be\/fr\/produit\/for-motion-fast-one-t#breadcrumb"},"inLanguage":"fr-FR","potentialAction":[{"@type":"ReadAction","target":["https:\/\/mobility-expert.be\/fr\/produit\/for-motion-fast-one-t"]}]},{"@type":"ImageObject","inLanguage":"fr-FR","@id":"https:\/\/mobility-expert.be\/fr\/produit\/for-motion-fast-one-t#primaryimage","url":"https:\/\/mobility-expert.be\/wp-content\/uploads\/2025\/07\/FOTR-R-voor__preview.webp","contentUrl":"https:\/\/mobility-expert.be\/wp-content\/uploads\/2025\/07\/FOTR-R-voor__preview.webp","width":800,"height":711},{"@type":"BreadcrumbList","@id":"https:\/\/mobility-expert.be\/fr\/produit\/for-motion-fast-one-t#breadcrumb","itemListElement":[{"@type":"ListItem","position":1,"name":"Home","item":"https:\/\/mobility-expert.be\/fr"},{"@type":"ListItem","position":2,"name":"Boutique","item":"https:\/\/mobility-expert.be\/fr\/boutique"},{"@type":"ListItem","position":3,"name":"For motion : Fast One T"}]},{"@type":"WebSite","@id":"https:\/\/mobility-expert.be\/fr#website","url":"https:\/\/mobility-expert.be\/fr","name":"Mobility-Expert.be","description":"Uw Mobiliteit, Onze Expertise!","publisher":{"@id":"https:\/\/mobility-expert.be\/fr#organization"},"alternateName":"Mobility Expert","potentialAction":[{"@type":"SearchAction","target":{"@type":"EntryPoint","urlTemplate":"https:\/\/mobility-expert.be\/fr?s={search_term_string}"},"query-input":{"@type":"PropertyValueSpecification","valueRequired":true,"valueName":"search_term_string"}}],"inLanguage":"fr-FR"},{"@type":"Organization","@id":"https:\/\/mobility-expert.be\/fr#organization","name":"Mobility Expert","url":"https:\/\/mobility-expert.be\/fr","logo":{"@type":"ImageObject","inLanguage":"fr-FR","@id":"https:\/\/mobility-expert.be\/fr#\/schema\/logo\/image\/","url":"https:\/\/mobility-expert.be\/wp-content\/uploads\/2025\/07\/MObilirty-5.png","contentUrl":"https:\/\/mobility-expert.be\/wp-content\/uploads\/2025\/07\/MObilirty-5.png","width":500,"height":500,"caption":"Mobility Expert"},"image":{"@id":"https:\/\/mobility-expert.be\/fr#\/schema\/logo\/image\/"},"sameAs":["https:\/\/www.facebook.com\/profile.php?id=61562203027433","https:\/\/www.instagram.com\/mobilityexpert\/"]}]}},"jetpack_sharing_enabled":true,"_links":{"self":[{"href":"https:\/\/mobility-expert.be\/fr\/wp-json\/wp\/v2\/product\/1612","targetHints":{"allow":["GET"]}}],"collection":[{"href":"https:\/\/mobility-expert.be\/fr\/wp-json\/wp\/v2\/product"}],"about":[{"href":"https:\/\/mobility-expert.be\/fr\/wp-json\/wp\/v2\/types\/product"}],"replies":[{"embeddable":true,"href":"https:\/\/mobility-expert.be\/fr\/wp-json\/wp\/v2\/comments?post=1612"}],"wp:featuredmedia":[{"embeddable":true,"href":"https:\/\/mobility-expert.be\/fr\/wp-json\/wp\/v2\/media\/1633"}],"wp:attachment":[{"href":"https:\/\/mobility-expert.be\/fr\/wp-json\/wp\/v2\/media?parent=1612"}],"wp:term":[{"taxonomy":"product_brand","embeddable":true,"href":"https:\/\/mobility-expert.be\/fr\/wp-json\/wp\/v2\/product_brand?post=1612"},{"taxonomy":"product_cat","embeddable":true,"href":"https:\/\/mobility-expert.be\/fr\/wp-json\/wp\/v2\/product_cat?post=1612"},{"taxonomy":"product_tag","embeddable":true,"href":"https:\/\/mobility-expert.be\/fr\/wp-json\/wp\/v2\/product_tag?post=1612"}],"curies":[{"name":"wp","href":"https:\/\/api.w.org\/{rel}","templated":true}]}}