{"id":1524,"date":"2024-10-01T16:51:27","date_gmt":"2024-10-01T16:51:27","guid":{"rendered":"https:\/\/mobility-expert.be\/product\/for-motion-forty-5-scooter-electrique-45-km-h"},"modified":"2025-11-10T03:09:11","modified_gmt":"2025-11-10T03:09:11","slug":"for-motion-forty-5-scooter-electrique-45-km-h","status":"publish","type":"product","link":"https:\/\/mobility-expert.be\/fr\/produit\/for-motion-forty-5-scooter-electrique-45-km-h","title":{"rendered":"For Motion : Forty-5 (scooter \u00e9lectrique 45 km\/h)"},"content":{"rendered":"<h3>For Motion Forty-5 : Le scooter \u00e9lectrique le plus rapide et le plus avanc\u00e9 de Belgique et des Pays-Bas !<\/h3>\n<p>Chez Mobility-Expert, le sp\u00e9cialiste des scooters de mobilit\u00e9 en Belgique et aux Pays-Bas, nous sommes fiers de vous pr\u00e9senter le For Motion Forty-5 \u2013 un scooter exceptionnel qui allie parfaitement vitesse, confort et s\u00e9curit\u00e9.<br \/>\nCe scooter \u00e9lectrique est disponible en deux versions, afin de r\u00e9pondre aux exigences l\u00e9gales sp\u00e9cifiques de la Belgique et des Pays-Bas.<\/p>\n<p>\ud83c\udfa5 <strong data-start=\"708\" data-end=\"867\">D\u00e9couvrez notre vid\u00e9o explicative compl\u00e8te sur YouTube pour le For Motion Forty-5, o\u00f9 toutes les fonctionnalit\u00e9s et options vous sont pr\u00e9sent\u00e9es en d\u00e9tail.<\/strong><\/p>\n<p><iframe title=\"For Motion Forty-5 \u2013De snelste scootmobiel van Belgi\u00eb &amp; Nederland! \ud83d\ude80Tot 45 km\/u en zonder rijbewijs!\" width=\"1020\" height=\"574\" src=\"https:\/\/www.youtube.com\/embed\/s7zHzNnMKLk?start=34&#038;feature=oembed\" frameborder=\"0\" allow=\"accelerometer; autoplay; clipboard-write; encrypted-media; gyroscope; picture-in-picture; web-share\" referrerpolicy=\"strict-origin-when-cross-origin\" allowfullscreen><\/iframe><\/p>\n<hr \/>\n<h3><strong>Disponible en versions 25 km\/h et 45 km\/h \u2013 conforme \u00e0 la l\u00e9gislation belge et n\u00e9erlandaise<\/strong><\/h3>\n<p>En Belgique, nous proposons le Forty-5 en deux versions :<\/p>\n<ul>\n<li>Version 1 : Limit\u00e9e \u00e0 25 km\/h<br \/>\nCette version est enti\u00e8rement conforme \u00e0 la r\u00e9glementation belge en mati\u00e8re de scooters de mobilit\u00e9 et est consid\u00e9r\u00e9e comme un v\u00e9hicule pour personnes \u00e0 mobilit\u00e9 r\u00e9duite.<br \/>\nAucun permis de conduire, casque ni assurance n\u2019est requis.<\/li>\n<li>Version 2 : Avec une vitesse maximale de 45 km\/h<br \/>\nCe mod\u00e8le est class\u00e9 en Belgique comme v\u00e9hicule \u00e0 moteur l\u00e9ger et n\u00e9cessite le respect de plusieurs obligations importantes :<\/p>\n<ul>\n<li>Un permis de conduire pour cyclomoteur (AM) ou un permis voiture (B) est obligatoire pour conduire la version 45 km\/h.<\/li>\n<li>Port du casque : Le port du casque est obligatoire.<\/li>\n<li>Assurance : Cette version doit \u00eatre assur\u00e9e comme un cyclomoteur ou un scooter.<\/li>\n<\/ul>\n<\/li>\n<\/ul>\n<p><strong>Aux Pays-Bas<\/strong>, le scooter de mobilit\u00e9 Forty-5 est disponible avec les m\u00eames options de vitesse.<br \/>\nCependant, la version 45 km\/h y est consid\u00e9r\u00e9e comme un v\u00e9hicule pour personnes \u00e0 mobilit\u00e9 r\u00e9duite, ne n\u00e9cessitant ni permis de conduire ni port du casque.<br \/>\nSeule une assurance responsabilit\u00e9 civile (WA) est obligatoire.<\/p>\n<hr \/>\n<h3><strong>Puissance, innovation et confort<\/strong><\/h3>\n<p>Le <strong>For Motion Forty-5<\/strong> n\u2019est pas un simple scooter de mobilit\u00e9, mais une avanc\u00e9e technologique sp\u00e9cialement con\u00e7ue pour am\u00e9liorer votre mobilit\u00e9, sans compromis sur la vitesse ni sur le confort.<\/p>\n<p><strong>Vitesse maximale de 45 km\/h<\/strong><br \/>\nAvec le For Motion Forty-5, vous pouvez rouler jusqu\u2019\u00e0 45 km\/h \u2013 la vitesse la plus \u00e9lev\u00e9e de sa cat\u00e9gorie. Ce scooter de mobilit\u00e9 est \u00e9quip\u00e9 de deux puissants moteurs \u00e9lectriques de 800 W, vous permettant d\u2019acc\u00e9l\u00e9rer rapidement et d\u2019atteindre ais\u00e9ment des vitesses \u00e9lev\u00e9es, m\u00eame en mont\u00e9e ou avec un passager \u00e0 bord. Pour ceux qui pr\u00e9f\u00e8rent un rythme plus tranquille, une version limit\u00e9e \u00e0 25 km\/h est \u00e9galement disponible.<\/p>\n<p><strong>Syst\u00e8me de freinage hydraulique pour une s\u00e9curit\u00e9 optimale<\/strong><br \/>\n\u00c0 des vitesses plus \u00e9lev\u00e9es, la s\u00e9curit\u00e9 est primordiale. C\u2019est pourquoi le For Motion Forty-5 est \u00e9quip\u00e9 d\u2019un syst\u00e8me de <strong>freinage hydraulique<\/strong>, avec un disque de frein sur chaque roue. Cela conf\u00e8re au scooter une puissance de freinage exceptionnelle, vous permettant de vous arr\u00eater rapidement et en toute s\u00e9curit\u00e9, m\u00eame en cas d\u2019urgence.<br \/>\nLe syst\u00e8me fonctionne \u00e0 pression d\u2019huile, ce qui demande un effort minimal pour actionner les freins. De plus, les leviers de frein peuvent \u00eatre verrouill\u00e9s, agissant ainsi comme freins de stationnement \u2013 id\u00e9al pour un arr\u00eat en toute s\u00e9curit\u00e9 sur une pente ou un terrain irr\u00e9gulier.<\/p>\n<hr \/>\n<h3><strong>Adaptable \u00e0 tous<\/strong><\/h3>\n<p>Un avantage majeur du For Motion Forty-5 est sa <strong>polyvalence.<\/strong> Ce scooter de mobilit\u00e9 peut \u00eatre enti\u00e8rement adapt\u00e9 \u00e0 vos pr\u00e9f\u00e9rences personnelles, \u00e0 votre taille et \u00e0 d\u2019\u00e9ventuelles limitations physiques.<\/p>\n<p><strong>R\u00e9glable pour diff\u00e9rentes tailles<\/strong><br \/>\nCe scooter de mobilit\u00e9 convient aux utilisateurs de diff\u00e9rentes statures gr\u00e2ce \u00e0 trois options de r\u00e9glage :<\/p>\n<ul>\n<li>Pour les conducteurs <strong>jusqu\u2019\u00e0 160 cm.<\/strong><\/li>\n<li>Pour les conducteurs mesurant<strong> entre 160 cm et 200 cm.<\/strong><\/li>\n<li>Pour les conducteurs de <strong>plus de 200 cm.<\/strong><\/li>\n<\/ul>\n<p>Cela garantit que le scooter de mobilit\u00e9 Forty-5 convient \u00e0 presque tout le monde, quelle que soit la taille ou la morphologie. La selle et les accoudoirs sont \u00e9galement r\u00e9glables pour un confort suppl\u00e9mentaire.<\/p>\n<p><strong>Direction ajustable<\/strong><br \/>\nEn plus du r\u00e9glage du si\u00e8ge et des accoudoirs,<strong> la direction peut \u00e9galement \u00eatre adapt\u00e9e<\/strong>. Par d\u00e9faut, le scooter de mobilit\u00e9 fonctionne avec une manette d\u2019acc\u00e9l\u00e9ration au guidon, mais il est \u00e9galement possible d\u2019opter pour une p\u00e9dale d\u2019acc\u00e9l\u00e9rateur, pouvant \u00eatre install\u00e9e \u00e0 gauche ou \u00e0 droite selon vos pr\u00e9f\u00e9rences. Le syst\u00e8me de freinage peut lui aussi \u00eatre adapt\u00e9 avec une p\u00e9dale de frein, comme dans une voiture.<\/p>\n<hr \/>\n<h3><strong>Confort de conduite de haut niveau<\/strong><\/h3>\n<p>Le For Motion Forty-5 est \u00e9quip\u00e9 d\u2019une technologie de pointe pour rendre votre exp\u00e9rience de conduite aussi confortable que possible. Gr\u00e2ce \u00e0 son m\u00e9canisme d\u2019acc\u00e9l\u00e9ration sensible, vous pouvez doser la vitesse avec pr\u00e9cision \u2014 id\u00e9al, par exemple, pour rouler au pas dans des rues commer\u00e7antes anim\u00e9es ou accompagner des cyclistes.<br \/>\nAvec les trois modes de conduite r\u00e9glables (mode 1 : 15 km\/h, mode 2 : 25 km\/h, mode 3 : 45 km\/h), vous d\u00e9terminez vous-m\u00eame la vitesse maximale et pouvez la limiter lorsque cela est n\u00e9cessaire.<\/p>\n<p><strong>Suspension et tenue de route exceptionnelles<\/strong><br \/>\nCe scooter de mobilit\u00e9 se distingue des mod\u00e8les traditionnels par son excellente suspension et sa stabilit\u00e9 remarquable. Chaque roue est \u00e9quip\u00e9e de son propre <strong>amortisseur<\/strong>, inspir\u00e9 de la technologie utilis\u00e9e dans les voitures. Cela signifie que les irr\u00e9gularit\u00e9s de la route, telles que les dos-d\u2019\u00e2ne ou les bordures de trottoir, sont absorb\u00e9es en douceur \u2014 un vrai confort, notamment pour les utilisateurs souffrant de douleurs ou de probl\u00e8mes de dos.<br \/>\nLa construction robuste et les roues de plus grande taille contribuent \u00e0 une tenue de route exceptionnelle, vous assurant une stabilit\u00e9 parfaite, m\u00eame dans les virages.<\/p>\n<hr \/>\n<h3><strong>La s\u00e9curit\u00e9 avant tout<\/strong><\/h3>\n<p>En plus de ses freins puissants et de son excellente tenue de route, le For Motion Forty-5 offre une gamme compl\u00e8te d\u2019\u00e9quipements de s\u00e9curit\u00e9, tels que :<\/p>\n<ul>\n<li><strong>\u00c9clairage LED sur tous les c\u00f4t\u00e9s :<\/strong> pour une visibilit\u00e9 optimale dans la circulation, avec de grandes bandes LED \u00e0 l\u2019avant, un phare puissant avec feux de croisement et feux de route, ainsi que des feux de d\u00e9tresse (clignotants).<\/li>\n<li><strong>Mesures antivol :<\/strong> un contact antivol est fourni de s\u00e9rie, et \u00e0 titre de promotion temporaire, le scooter de mobilit\u00e9 est livr\u00e9 avec un syst\u00e8me <strong>d\u2019alarme gratuit<\/strong> avec t\u00e9l\u00e9commande.<\/li>\n<\/ul>\n<hr \/>\n<h3><strong>Options et \u00e9quipements de luxe<\/strong><\/h3>\n<p>Pour encore plus de confort et de luxe, vous pouvez \u00e9quiper le For Motion Forty-5 de plusieurs accessoires en option, tels que :<\/p>\n<ul>\n<li><strong>Si\u00e8ge confort pivotant :<\/strong> pour monter et descendre plus facilement.<\/li>\n<li><strong>Chauffage de si\u00e8ge :<\/strong> pour les journ\u00e9es froides, disponible avec les packs de batteries offrant une autonomie \u00e0 partir de 100 km.<\/li>\n<li><strong>Support pour d\u00e9ambulateur ou canne :<\/strong> mont\u00e9 sur le c\u00f4t\u00e9 pour plus de praticit\u00e9 et de mobilit\u00e9.<\/li>\n<li><strong>Batterie amovible :<\/strong> pour recharger facilement la batterie \u00e0 l\u2019int\u00e9rieur.<\/li>\n<li><strong>Porte-bagages et pare-brise :<\/strong> pour un espace de rangement suppl\u00e9mentaire et une protection contre les intemp\u00e9ries.<\/li>\n<\/ul>\n<hr \/>\n<h3><strong>Options de recharge et packs de batteries<\/strong><\/h3>\n<p>Le For Motion Forty-5 est \u00e9quip\u00e9 de plusieurs <strong>options de batteries<\/strong>, allant d\u2019une batterie au plomb standard offrant une autonomie de 40 km \u00e0 un <strong>pack lithium<\/strong> pouvant atteindre jusqu\u2019\u00e0 250 km avec une seule charge.<br \/>\nLes batteries au lithium se distinguent par leur temps de charge rapide, leur longue dur\u00e9e de vie et la possibilit\u00e9 d\u2019\u00eatre recharg\u00e9es partiellement sans aucun probl\u00e8me.<\/p>\n<p><strong>Autonomie selon le pack de batteries :<\/strong><\/p>\n<ul>\n<li>Batterie au plomb standard 60V\/30Ah : autonomie de 40 km.<\/li>\n<li>Option 1 : Lithium 60V\/40Ah : autonomie de 60 km.<\/li>\n<li>Option 2 : Lithium 60V\/60Ah : autonomie de 100 km.<\/li>\n<li>Option 3 : Lithium 60V\/80Ah : autonomie de 150 km.<\/li>\n<li>Option 4 : Lithium 60V\/100Ah : autonomie de 250 km.<\/li>\n<\/ul>\n<hr \/>\n<h3><strong>Commandez votre For Motion Forty-5 chez Mobility-Expert<\/strong><\/h3>\n<p>Vous recherchez la combinaison ultime de vitesse, de s\u00e9curit\u00e9 et de luxe ?<br \/>\nChoisissez le <strong>For Motion Forty-5<\/strong> chez Mobility-Expert.<br \/>\nCe scooter de mobilit\u00e9 est parfait pour les longs trajets, aussi bien en milieu urbain qu\u2019en zone rurale.<br \/>\nAvec des options telles que le si\u00e8ge chauffant, la double assise et une grande autonomie, vous profitez pleinement de la libert\u00e9 qu\u2019offre ce scooter de mobilit\u00e9 haut de gamme.<\/p>\n<p>Nous livrons aussi bien en <strong>Belgique<\/strong> qu\u2019aux <strong>Pays-Bas<\/strong> et proposons <strong>une livraison \u00e0 domicile<\/strong> pour votre confort.<br \/>\nDe plus, nous offrons des options de paiement flexibles, y compris le paiement \u00e9chelonn\u00e9.<br \/>\nNe laissez rien freiner votre mobilit\u00e9 et d\u00e9couvrez le monde avec le For Motion Forty-5 !<\/p>\n<p>Mobility-Expert \u2013 votre sp\u00e9cialiste des scooters de mobilit\u00e9 en Belgique et aux Pays-Bas.<\/p>\n","protected":false},"excerpt":{"rendered":"<p>For Motion Forty-5 : Le scooter \u00e9lectrique le plus rapide et le plus avanc\u00e9 de Belgique et des Pays-Bas ! Chez Mobility-Expert, le sp\u00e9cialiste des scooters de mobilit\u00e9 en Belgique et aux Pays-Bas, nous sommes fiers de vous pr\u00e9senter le For Motion Forty-5 \u2013 un scooter exceptionnel qui allie parfaitement vitesse, confort et s\u00e9curit\u00e9. Ce [&#8230;]\n","protected":false},"featured_media":1525,"comment_status":"open","ping_status":"closed","template":"","meta":{"om_disable_all_campaigns":false},"product_brand":[],"product_cat":[53,54,55,56],"product_tag":[],"class_list":{"0":"post-1524","1":"product","2":"type-product","3":"status-publish","4":"has-post-thumbnail","6":"product_cat-tous-les-produits","7":"product_cat-scooters-de-mobilite","8":"product_cat-scooters-de-mobilite-a-4-roues","9":"product_cat-meilleures-ventes","11":"first","12":"instock","13":"sale","14":"featured","15":"taxable","16":"shipping-taxable","17":"purchasable","18":"product-type-simple"},"yoast_head":"<!-- This site is optimized with the Yoast SEO plugin v27.3 - https:\/\/yoast.com\/product\/yoast-seo-wordpress\/ -->\n<title>For Motion Forty-5 \u2013 Le scooter de mobilit\u00e9 le plus rapide en Belgique<\/title>\n<meta name=\"description\" content=\"D\u00e9couvrez le For Motion Forty-5 : le scooter de mobilit\u00e9 le plus rapide et le plus innovant. Choisissez 25 ou 45 km\/h et profitez jusqu\u2019\u00e0 250 km d\u2019autonomie.\" \/>\n<meta name=\"robots\" content=\"index, follow, max-snippet:-1, max-image-preview:large, max-video-preview:-1\" \/>\n<link rel=\"canonical\" href=\"https:\/\/mobility-expert.be\/fr\/produit\/for-motion-forty-5-scooter-electrique-45-km-h\" \/>\n<meta property=\"og:locale\" content=\"fr_FR\" \/>\n<meta property=\"og:type\" content=\"article\" \/>\n<meta property=\"og:title\" content=\"For Motion Forty-5 \u2013 Le scooter de mobilit\u00e9 le plus rapide en Belgique\" \/>\n<meta property=\"og:description\" content=\"D\u00e9couvrez le For Motion Forty-5 : le scooter de mobilit\u00e9 le plus rapide et le plus innovant. Choisissez 25 ou 45 km\/h et profitez jusqu\u2019\u00e0 250 km d\u2019autonomie.\" \/>\n<meta property=\"og:url\" content=\"https:\/\/mobility-expert.be\/fr\/produit\/for-motion-forty-5-scooter-electrique-45-km-h\" \/>\n<meta property=\"og:site_name\" content=\"Mobility Expert\" \/>\n<meta property=\"article:publisher\" content=\"https:\/\/www.facebook.com\/profile.php?id=61562203027433\" \/>\n<meta property=\"article:modified_time\" content=\"2025-11-10T03:09:11+00:00\" \/>\n<meta property=\"og:image\" content=\"https:\/\/mobility-expert.be\/wp-content\/uploads\/2024\/10\/5.png\" \/>\n\t<meta property=\"og:image:width\" content=\"2560\" \/>\n\t<meta property=\"og:image:height\" content=\"1440\" \/>\n\t<meta property=\"og:image:type\" content=\"image\/png\" \/>\n<meta name=\"twitter:card\" content=\"summary_large_image\" \/>\n<meta name=\"twitter:label1\" content=\"Dur\u00e9e de lecture estim\u00e9e\" \/>\n\t<meta name=\"twitter:data1\" content=\"6 minutes\" \/>\n<script type=\"application\/ld+json\" class=\"yoast-schema-graph\">{\"@context\":\"https:\\\/\\\/schema.org\",\"@graph\":[{\"@type\":\"WebPage\",\"@id\":\"https:\\\/\\\/mobility-expert.be\\\/fr\\\/produit\\\/for-motion-forty-5-scooter-electrique-45-km-h\",\"url\":\"https:\\\/\\\/mobility-expert.be\\\/fr\\\/produit\\\/for-motion-forty-5-scooter-electrique-45-km-h\",\"name\":\"For Motion Forty-5 \u2013 Le scooter de mobilit\u00e9 le plus rapide en Belgique\",\"isPartOf\":{\"@id\":\"https:\\\/\\\/mobility-expert.be\\\/fr#website\"},\"primaryImageOfPage\":{\"@id\":\"https:\\\/\\\/mobility-expert.be\\\/fr\\\/produit\\\/for-motion-forty-5-scooter-electrique-45-km-h#primaryimage\"},\"image\":{\"@id\":\"https:\\\/\\\/mobility-expert.be\\\/fr\\\/produit\\\/for-motion-forty-5-scooter-electrique-45-km-h#primaryimage\"},\"thumbnailUrl\":\"https:\\\/\\\/mobility-expert.be\\\/wp-content\\\/uploads\\\/2024\\\/10\\\/5.png\",\"datePublished\":\"2024-10-01T16:51:27+00:00\",\"dateModified\":\"2025-11-10T03:09:11+00:00\",\"description\":\"D\u00e9couvrez le For Motion Forty-5 : le scooter de mobilit\u00e9 le plus rapide et le plus innovant. Choisissez 25 ou 45 km\\\/h et profitez jusqu\u2019\u00e0 250 km d\u2019autonomie.\",\"breadcrumb\":{\"@id\":\"https:\\\/\\\/mobility-expert.be\\\/fr\\\/produit\\\/for-motion-forty-5-scooter-electrique-45-km-h#breadcrumb\"},\"inLanguage\":\"fr-FR\",\"potentialAction\":[{\"@type\":\"ReadAction\",\"target\":[\"https:\\\/\\\/mobility-expert.be\\\/fr\\\/produit\\\/for-motion-forty-5-scooter-electrique-45-km-h\"]}]},{\"@type\":\"ImageObject\",\"inLanguage\":\"fr-FR\",\"@id\":\"https:\\\/\\\/mobility-expert.be\\\/fr\\\/produit\\\/for-motion-forty-5-scooter-electrique-45-km-h#primaryimage\",\"url\":\"https:\\\/\\\/mobility-expert.be\\\/wp-content\\\/uploads\\\/2024\\\/10\\\/5.png\",\"contentUrl\":\"https:\\\/\\\/mobility-expert.be\\\/wp-content\\\/uploads\\\/2024\\\/10\\\/5.png\",\"width\":2560,\"height\":1440},{\"@type\":\"BreadcrumbList\",\"@id\":\"https:\\\/\\\/mobility-expert.be\\\/fr\\\/produit\\\/for-motion-forty-5-scooter-electrique-45-km-h#breadcrumb\",\"itemListElement\":[{\"@type\":\"ListItem\",\"position\":1,\"name\":\"Home\",\"item\":\"https:\\\/\\\/mobility-expert.be\\\/fr\"},{\"@type\":\"ListItem\",\"position\":2,\"name\":\"Boutique\",\"item\":\"https:\\\/\\\/mobility-expert.be\\\/fr\\\/boutique\"},{\"@type\":\"ListItem\",\"position\":3,\"name\":\"For Motion : Forty-5 (scooter \u00e9lectrique 45 km\\\/h)\"}]},{\"@type\":\"WebSite\",\"@id\":\"https:\\\/\\\/mobility-expert.be\\\/fr#website\",\"url\":\"https:\\\/\\\/mobility-expert.be\\\/fr\",\"name\":\"Mobility-Expert.be\",\"description\":\"Uw Mobiliteit, Onze Expertise!\",\"publisher\":{\"@id\":\"https:\\\/\\\/mobility-expert.be\\\/fr#organization\"},\"alternateName\":\"Mobility Expert\",\"potentialAction\":[{\"@type\":\"SearchAction\",\"target\":{\"@type\":\"EntryPoint\",\"urlTemplate\":\"https:\\\/\\\/mobility-expert.be\\\/fr?s={search_term_string}\"},\"query-input\":{\"@type\":\"PropertyValueSpecification\",\"valueRequired\":true,\"valueName\":\"search_term_string\"}}],\"inLanguage\":\"fr-FR\"},{\"@type\":\"Organization\",\"@id\":\"https:\\\/\\\/mobility-expert.be\\\/fr#organization\",\"name\":\"Mobility Expert\",\"url\":\"https:\\\/\\\/mobility-expert.be\\\/fr\",\"logo\":{\"@type\":\"ImageObject\",\"inLanguage\":\"fr-FR\",\"@id\":\"https:\\\/\\\/mobility-expert.be\\\/fr#\\\/schema\\\/logo\\\/image\\\/\",\"url\":\"https:\\\/\\\/mobility-expert.be\\\/wp-content\\\/uploads\\\/2025\\\/07\\\/MObilirty-5.png\",\"contentUrl\":\"https:\\\/\\\/mobility-expert.be\\\/wp-content\\\/uploads\\\/2025\\\/07\\\/MObilirty-5.png\",\"width\":500,\"height\":500,\"caption\":\"Mobility Expert\"},\"image\":{\"@id\":\"https:\\\/\\\/mobility-expert.be\\\/fr#\\\/schema\\\/logo\\\/image\\\/\"},\"sameAs\":[\"https:\\\/\\\/www.facebook.com\\\/profile.php?id=61562203027433\",\"https:\\\/\\\/www.instagram.com\\\/mobilityexpert\\\/\"]}]}<\/script>\n<!-- \/ Yoast SEO plugin. -->","yoast_head_json":{"title":"For Motion Forty-5 \u2013 Le scooter de mobilit\u00e9 le plus rapide en Belgique","description":"D\u00e9couvrez le For Motion Forty-5 : le scooter de mobilit\u00e9 le plus rapide et le plus innovant. Choisissez 25 ou 45 km\/h et profitez jusqu\u2019\u00e0 250 km d\u2019autonomie.","robots":{"index":"index","follow":"follow","max-snippet":"max-snippet:-1","max-image-preview":"max-image-preview:large","max-video-preview":"max-video-preview:-1"},"canonical":"https:\/\/mobility-expert.be\/fr\/produit\/for-motion-forty-5-scooter-electrique-45-km-h","og_locale":"fr_FR","og_type":"article","og_title":"For Motion Forty-5 \u2013 Le scooter de mobilit\u00e9 le plus rapide en Belgique","og_description":"D\u00e9couvrez le For Motion Forty-5 : le scooter de mobilit\u00e9 le plus rapide et le plus innovant. Choisissez 25 ou 45 km\/h et profitez jusqu\u2019\u00e0 250 km d\u2019autonomie.","og_url":"https:\/\/mobility-expert.be\/fr\/produit\/for-motion-forty-5-scooter-electrique-45-km-h","og_site_name":"Mobility Expert","article_publisher":"https:\/\/www.facebook.com\/profile.php?id=61562203027433","article_modified_time":"2025-11-10T03:09:11+00:00","og_image":[{"width":2560,"height":1440,"url":"https:\/\/mobility-expert.be\/wp-content\/uploads\/2024\/10\/5.png","type":"image\/png"}],"twitter_card":"summary_large_image","twitter_misc":{"Dur\u00e9e de lecture estim\u00e9e":"6 minutes"},"schema":{"@context":"https:\/\/schema.org","@graph":[{"@type":"WebPage","@id":"https:\/\/mobility-expert.be\/fr\/produit\/for-motion-forty-5-scooter-electrique-45-km-h","url":"https:\/\/mobility-expert.be\/fr\/produit\/for-motion-forty-5-scooter-electrique-45-km-h","name":"For Motion Forty-5 \u2013 Le scooter de mobilit\u00e9 le plus rapide en Belgique","isPartOf":{"@id":"https:\/\/mobility-expert.be\/fr#website"},"primaryImageOfPage":{"@id":"https:\/\/mobility-expert.be\/fr\/produit\/for-motion-forty-5-scooter-electrique-45-km-h#primaryimage"},"image":{"@id":"https:\/\/mobility-expert.be\/fr\/produit\/for-motion-forty-5-scooter-electrique-45-km-h#primaryimage"},"thumbnailUrl":"https:\/\/mobility-expert.be\/wp-content\/uploads\/2024\/10\/5.png","datePublished":"2024-10-01T16:51:27+00:00","dateModified":"2025-11-10T03:09:11+00:00","description":"D\u00e9couvrez le For Motion Forty-5 : le scooter de mobilit\u00e9 le plus rapide et le plus innovant. Choisissez 25 ou 45 km\/h et profitez jusqu\u2019\u00e0 250 km d\u2019autonomie.","breadcrumb":{"@id":"https:\/\/mobility-expert.be\/fr\/produit\/for-motion-forty-5-scooter-electrique-45-km-h#breadcrumb"},"inLanguage":"fr-FR","potentialAction":[{"@type":"ReadAction","target":["https:\/\/mobility-expert.be\/fr\/produit\/for-motion-forty-5-scooter-electrique-45-km-h"]}]},{"@type":"ImageObject","inLanguage":"fr-FR","@id":"https:\/\/mobility-expert.be\/fr\/produit\/for-motion-forty-5-scooter-electrique-45-km-h#primaryimage","url":"https:\/\/mobility-expert.be\/wp-content\/uploads\/2024\/10\/5.png","contentUrl":"https:\/\/mobility-expert.be\/wp-content\/uploads\/2024\/10\/5.png","width":2560,"height":1440},{"@type":"BreadcrumbList","@id":"https:\/\/mobility-expert.be\/fr\/produit\/for-motion-forty-5-scooter-electrique-45-km-h#breadcrumb","itemListElement":[{"@type":"ListItem","position":1,"name":"Home","item":"https:\/\/mobility-expert.be\/fr"},{"@type":"ListItem","position":2,"name":"Boutique","item":"https:\/\/mobility-expert.be\/fr\/boutique"},{"@type":"ListItem","position":3,"name":"For Motion : Forty-5 (scooter \u00e9lectrique 45 km\/h)"}]},{"@type":"WebSite","@id":"https:\/\/mobility-expert.be\/fr#website","url":"https:\/\/mobility-expert.be\/fr","name":"Mobility-Expert.be","description":"Uw Mobiliteit, Onze Expertise!","publisher":{"@id":"https:\/\/mobility-expert.be\/fr#organization"},"alternateName":"Mobility Expert","potentialAction":[{"@type":"SearchAction","target":{"@type":"EntryPoint","urlTemplate":"https:\/\/mobility-expert.be\/fr?s={search_term_string}"},"query-input":{"@type":"PropertyValueSpecification","valueRequired":true,"valueName":"search_term_string"}}],"inLanguage":"fr-FR"},{"@type":"Organization","@id":"https:\/\/mobility-expert.be\/fr#organization","name":"Mobility Expert","url":"https:\/\/mobility-expert.be\/fr","logo":{"@type":"ImageObject","inLanguage":"fr-FR","@id":"https:\/\/mobility-expert.be\/fr#\/schema\/logo\/image\/","url":"https:\/\/mobility-expert.be\/wp-content\/uploads\/2025\/07\/MObilirty-5.png","contentUrl":"https:\/\/mobility-expert.be\/wp-content\/uploads\/2025\/07\/MObilirty-5.png","width":500,"height":500,"caption":"Mobility Expert"},"image":{"@id":"https:\/\/mobility-expert.be\/fr#\/schema\/logo\/image\/"},"sameAs":["https:\/\/www.facebook.com\/profile.php?id=61562203027433","https:\/\/www.instagram.com\/mobilityexpert\/"]}]}},"jetpack_sharing_enabled":true,"_links":{"self":[{"href":"https:\/\/mobility-expert.be\/fr\/wp-json\/wp\/v2\/product\/1524","targetHints":{"allow":["GET"]}}],"collection":[{"href":"https:\/\/mobility-expert.be\/fr\/wp-json\/wp\/v2\/product"}],"about":[{"href":"https:\/\/mobility-expert.be\/fr\/wp-json\/wp\/v2\/types\/product"}],"replies":[{"embeddable":true,"href":"https:\/\/mobility-expert.be\/fr\/wp-json\/wp\/v2\/comments?post=1524"}],"wp:featuredmedia":[{"embeddable":true,"href":"https:\/\/mobility-expert.be\/fr\/wp-json\/wp\/v2\/media\/1525"}],"wp:attachment":[{"href":"https:\/\/mobility-expert.be\/fr\/wp-json\/wp\/v2\/media?parent=1524"}],"wp:term":[{"taxonomy":"product_brand","embeddable":true,"href":"https:\/\/mobility-expert.be\/fr\/wp-json\/wp\/v2\/product_brand?post=1524"},{"taxonomy":"product_cat","embeddable":true,"href":"https:\/\/mobility-expert.be\/fr\/wp-json\/wp\/v2\/product_cat?post=1524"},{"taxonomy":"product_tag","embeddable":true,"href":"https:\/\/mobility-expert.be\/fr\/wp-json\/wp\/v2\/product_tag?post=1524"}],"curies":[{"name":"wp","href":"https:\/\/api.w.org\/{rel}","templated":true}]}}